{"id":18998,"date":"2023-11-07T09:16:25","date_gmt":"2023-11-07T09:16:25","guid":{"rendered":"https:\/\/planimolde.pt\/?page_id=18998"},"modified":"2024-03-05T16:15:53","modified_gmt":"2024-03-05T16:15:53","slug":"canal-de-denuncias","status":"publish","type":"page","link":"https:\/\/planimolde.pt\/pt\/canal-de-denuncias\/","title":{"rendered":"Canal de den\u00fancias"},"content":{"rendered":"<p>[vc_row heading_color=&#8221;light&#8221; bg_type=&#8221;image&#8221; bg_image=&#8221;16847&#8243; color_overlay=&#8221;dark&#8221; opacity_overlay=&#8221;30&#8243; padding_top_multiplier=&#8221;custom&#8221; padding_bottom_multiplier=&#8221;custom&#8221; separator_bottom=&#8221;tilt-right-separator&#8221; parallax_sensor=&#8221;350&#8243; font_color=&#8221;#ffffff&#8221; padding_top=&#8221;8%&#8221; padding_bottom=&#8221;8%&#8221;][vc_column][vc_custom_heading text=&#8221;Canal de den\u00fancias&#8221; font_container=&#8221;tag:h1|text_align:center|color:%23ffffff&#8221; google_fonts=&#8221;font_family:Open%20Sans%3A300%2C300italic%2Cregular%2Citalic%2C600%2C600italic%2C700%2C700italic%2C800%2C800italic|font_style:800%20bold%20regular%3A800%3Anormal&#8221; css=&#8221;.vc_custom_1699352021547{padding-bottom: 50px !important;}&#8221;][\/vc_column][\/vc_row][vc_row][vc_column]<div class=\"grve-empty-space grve-height-2x\" style=\"\"><\/div>[\/vc_column][\/vc_row][vc_row][vc_column][vc_column_text]A Planimolde S.A. sempre se preocupou em ser reconhecida como um parceiro que fornece produtos e servi\u00e7os de elevada Qualidade, mas igualmente uma empresa que mant\u00e9m com os seus clientes, fornecedores e qualquer outra entidade, rela\u00e7\u00f5es integras e transparentes.<\/p>\n<p>De acordo com o objetivo anteriormente citado e com a entrada em vigor do Decreto-Lei n.\u00ba 109-E\/2021, de 9 de dezembro, que introduz, no ordenamento jur\u00eddico portugu\u00eas, um novo pacote de medidas legislativas de preven\u00e7\u00e3o e combate \u00e0 corrup\u00e7\u00e3o e infra\u00e7\u00f5es conexas, surge o Canal de Den\u00fancias da Planimolde S.A.<\/p>\n<p>Este canal serve para que qualquer pessoa possa denunciar viola\u00e7\u00e3o de leis que possam ocorrer interna ou externamente nas rela\u00e7\u00f5es entre quem trabalha na Planimolde e os seus clientes, fornecedores ou outras entidades.<br \/>\nNo \u00e2mbito do decreto-Lei n\u00ba 109-E\/2021 de 9 de dezembro as mat\u00e9rias abrangidas pass\u00edveis de den\u00fancia s\u00e3o os crimes de corrup\u00e7\u00e3o, recebimento e oferta indevidos de vantagem, peculato, participa\u00e7\u00e3o econ\u00f3mica em neg\u00f3cio, concuss\u00e3o, abuso de poder, prevarica\u00e7\u00e3o, tr\u00e1fico de influ\u00eancia, branqueamento ou fraude na obten\u00e7\u00e3o ou desvio de subs\u00eddio, subven\u00e7\u00e3o ou cr\u00e9dito.<\/p>\n<p>A den\u00fancia pode ser apresentada no formul\u00e1rio em baixo. Esta pode ser feita de forma an\u00f3nima, bastando para isso n\u00e3o preencher os dados pessoais.[\/vc_column_text]<div class=\"grve-empty-space grve-height-2x\" style=\"\"><\/div><h1 class=\"grve-element grve-title grve-align-left grve-h1 grve-increase-heading grve-heading-120\" style=\"\"><span>Apresentar den\u00fancia<\/span><\/h1><div class=\"grve-empty-space grve-height-1x\" style=\"\"><\/div><div role=\"form\" class=\"wpcf7\" id=\"wpcf7-f18997-o1\" lang=\"en-US\" dir=\"ltr\">\n<div class=\"screen-reader-response\"><p role=\"status\" aria-live=\"polite\" aria-atomic=\"true\"><\/p> <ul><\/ul><\/div>\n<form action=\"\/pt\/wp-json\/wp\/v2\/pages\/18998#wpcf7-f18997-o1\" method=\"post\" class=\"wpcf7-form init\" enctype=\"multipart\/form-data\" novalidate=\"novalidate\" data-status=\"init\">\n<div style=\"display: none;\">\n<input type=\"hidden\" name=\"_wpcf7\" value=\"18997\" \/>\n<input type=\"hidden\" name=\"_wpcf7_version\" value=\"5.3.2\" \/>\n<input type=\"hidden\" name=\"_wpcf7_locale\" value=\"en_US\" \/>\n<input type=\"hidden\" name=\"_wpcf7_unit_tag\" value=\"wpcf7-f18997-o1\" \/>\n<input type=\"hidden\" name=\"_wpcf7_container_post\" value=\"0\" \/>\n<input type=\"hidden\" name=\"_wpcf7_posted_data_hash\" value=\"\" \/>\n<input type=\"hidden\" name=\"_wpcf7_recaptcha_response\" value=\"\" \/>\n<\/div>\n<div class=\"grve-form grve-underline\">\n<div class=\"grve-fields-wrapper\">\n<div>\n<label><strong>Rela\u00e7\u00e3o com a empresa<\/strong><\/label><br \/>\n<span class=\"wpcf7-form-control-wrap relacao-com-empresa\"><select name=\"relacao-com-empresa\" class=\"wpcf7-form-control wpcf7-select wpcf7-validates-as-required\" aria-required=\"true\" aria-invalid=\"false\"><option value=\"\">---<\/option><option value=\"Colaborador\">Colaborador<\/option><option value=\"Fornecedor\">Fornecedor<\/option><option value=\"Cliente\">Cliente<\/option><option value=\"Estagi\u00e1rio\">Estagi\u00e1rio<\/option><option value=\"Prestador de Servi\u00e7os\">Prestador de Servi\u00e7os<\/option><option value=\"Subcontratos\">Subcontratos<\/option><option value=\"Outros\">Outros<\/option><\/select><\/span>\n<\/div>\n<div>\n<label><strong>Descri\u00e7\u00e3o da den\u00fancia<\/strong><\/label><br \/>\n<span class=\"wpcf7-form-control-wrap descricao-denuncia\"><textarea name=\"descricao-denuncia\" cols=\"40\" rows=\"10\" class=\"wpcf7-form-control wpcf7-textarea wpcf7-validates-as-required\" aria-required=\"true\" aria-invalid=\"false\"><\/textarea><\/span>\n<\/div>\n<div>\n<label><strong>Anexar ficheiros<\/strong><\/label><br \/>\n<span class=\"wpcf7-form-control-wrap anexo\"><input type=\"file\" name=\"anexo\" size=\"40\" class=\"wpcf7-form-control wpcf7-file\" accept=\".pdf,.doc,.docx,.jpg,.jpeg,.png\" aria-invalid=\"false\" \/><\/span>\n<\/div>\n<div style=\"margin-top:80px; margin-bottom:30px;\">\n<!--<br \/>\n<h2><strong>Informa\u00e7\u00e3o do contacto<\/strong><\/h2>\n<p>--><\/p>\n<h2 style=\"color:#b40a26\"><strong>Se pretender fazer den\u00fancia an\u00f3nima, n\u00e3o preencha os campos Nome, Email e Telefone<\/strong><\/h2>\n<p>Se pretender permanecer an\u00f3nimo n\u00e3o preencha o campo nome nem contacto telef\u00f3nico. Se o seu email de alguma forma o identificar e por isso tamb\u00e9m n\u00e3o o quiser fornecer, mas mesmo assim pretender acompanhar o estado da sua denuncia, sugerimos a cria\u00e7\u00e3o de uma conta de email, num servi\u00e7o gratuito (ex: gmail,...) e desse modo poder\u00e1 receber a informa\u00e7\u00e3o relativa ao estado de desenvolvimento da sua denuncia.<\/p>\n<\/div>\n<div id=\"nome_denuncia\">\n<label><strong>Nome<\/strong><\/label><br \/>\n<span class=\"wpcf7-form-control-wrap your-name\"><input type=\"text\" name=\"your-name\" value=\"\" size=\"40\" class=\"wpcf7-form-control wpcf7-text\" aria-invalid=\"false\" \/><\/span>\n<\/div>\n<div id=\"email_denuncia\">\n<label><strong>Email<\/strong><\/label><br \/>\n<span class=\"wpcf7-form-control-wrap your-email\"><input type=\"email\" name=\"your-email\" value=\"\" size=\"40\" class=\"wpcf7-form-control wpcf7-text wpcf7-email wpcf7-validates-as-email\" aria-invalid=\"false\" \/><\/span>\n<\/div>\n<div id=\"telefone_denuncia\">\n<label><strong>Telefone<\/strong><\/label><br \/>\n<span class=\"wpcf7-form-control-wrap telefone\"><input type=\"tel\" name=\"telefone\" value=\"\" size=\"40\" class=\"wpcf7-form-control wpcf7-text wpcf7-tel wpcf7-validates-as-tel\" aria-invalid=\"false\" \/><\/span>\n<\/div>\n<p><span id=\"wpcf7-69dbf15f4df46-wrapper\" class=\"wpcf7-form-control-wrap email-confirm-wrap\" style=\"display:none !important; visibility:hidden !important;\"><label for=\"wpcf7-69dbf15f4df46-field\" class=\"hp-message\">Please leave this field empty.<\/label><input id=\"wpcf7-69dbf15f4df46-field\"  class=\"wpcf7-form-control wpcf7-text\" type=\"text\" name=\"email-confirm\" value=\"\" size=\"40\" tabindex=\"-1\" autocomplete=\"new-password\" \/><\/span><\/p>\n<div><span class=\"wpcf7-form-control-wrap aceitacao-politica-privacidade\"><span class=\"wpcf7-form-control wpcf7-acceptance\"><span class=\"wpcf7-list-item\"><label><input type=\"checkbox\" name=\"aceitacao-politica-privacidade\" value=\"1\" aria-invalid=\"false\" \/><span class=\"wpcf7-list-item-label\">Li e aceito a Pol\u00edtica de Privacidade e Condi\u00e7\u00f5es de Utiliza\u00e7\u00e3o<\/span><\/label><\/span><\/span><\/span><\/div>\n<div style=\"height:30px;\"><\/div>\n<div><input type=\"submit\" value=\"Enviar\" class=\"wpcf7-form-control wpcf7-submit\" \/><\/div>\n<\/div>\n<\/div>\n<div class=\"wpcf7-response-output\" aria-hidden=\"true\"><\/div><\/form><\/div>[\/vc_column][\/vc_row][vc_row][vc_column]<div class=\"grve-empty-space grve-height-6x\" style=\"\"><\/div>[\/vc_column][\/vc_row]<\/p>","protected":false},"excerpt":{"rendered":"<p>Lorem ipsum dolor sit amet, fierent invidunt eleifend an sea, sea at nonumes deserunt, cum in dictas maiorum consequat. Legere delicata sea eu, vix ei blandit forensibus. Ne qui posse munere molestiae, no has stet dolorum.<\/p>\n","protected":false},"author":1,"featured_media":0,"parent":0,"menu_order":0,"comment_status":"closed","ping_status":"closed","template":"","meta":[],"_links":{"self":[{"href":"https:\/\/planimolde.pt\/pt\/wp-json\/wp\/v2\/pages\/18998"}],"collection":[{"href":"https:\/\/planimolde.pt\/pt\/wp-json\/wp\/v2\/pages"}],"about":[{"href":"https:\/\/planimolde.pt\/pt\/wp-json\/wp\/v2\/types\/page"}],"author":[{"embeddable":true,"href":"https:\/\/planimolde.pt\/pt\/wp-json\/wp\/v2\/users\/1"}],"replies":[{"embeddable":true,"href":"https:\/\/planimolde.pt\/pt\/wp-json\/wp\/v2\/comments?post=18998"}],"version-history":[{"count":17,"href":"https:\/\/planimolde.pt\/pt\/wp-json\/wp\/v2\/pages\/18998\/revisions"}],"predecessor-version":[{"id":19034,"href":"https:\/\/planimolde.pt\/pt\/wp-json\/wp\/v2\/pages\/18998\/revisions\/19034"}],"wp:attachment":[{"href":"https:\/\/planimolde.pt\/pt\/wp-json\/wp\/v2\/media?parent=18998"}],"curies":[{"name":"wp","href":"https:\/\/api.w.org\/{rel}","templated":true}]}}