{"id":17655,"date":"2020-05-26T10:24:02","date_gmt":"2020-05-26T10:24:02","guid":{"rendered":"http:\/\/planimolde.younik.pt\/?page_id=17655"},"modified":"2025-02-18T15:39:25","modified_gmt":"2025-02-18T15:39:25","slug":"quality","status":"publish","type":"page","link":"https:\/\/planimolde.pt\/pt\/quality\/","title":{"rendered":"Qualidade"},"content":{"rendered":"<p>[vc_row heading_color=&#8221;light&#8221; bg_type=&#8221;image&#8221; bg_image=&#8221;16847&#8243; color_overlay=&#8221;dark&#8221; opacity_overlay=&#8221;30&#8243; padding_top_multiplier=&#8221;custom&#8221; padding_bottom_multiplier=&#8221;custom&#8221; separator_bottom=&#8221;tilt-right-separator&#8221; parallax_sensor=&#8221;350&#8243; font_color=&#8221;#ffffff&#8221; padding_top=&#8221;8%&#8221; padding_bottom=&#8221;8%&#8221;][vc_column][vc_custom_heading text=&#8221;Qualidade&#8221; font_container=&#8221;tag:h1|text_align:center|color:%23ffffff&#8221; google_fonts=&#8221;font_family:Open%20Sans%3A300%2C300italic%2Cregular%2Citalic%2C600%2C600italic%2C700%2C700italic%2C800%2C800italic|font_style:800%20bold%20regular%3A800%3Anormal&#8221; css=&#8221;.vc_custom_1600356987140{padding-bottom: 50px !important;}&#8221;][\/vc_column][\/vc_row][vc_row][vc_column]<div class=\"grve-empty-space grve-height-2x\" style=\"\"><\/div>[\/vc_column][\/vc_row][vc_row columns_gap=&#8221;60&#8243;][vc_column width=&#8221;1\/3&#8243;]<div class=\"grve-element grve-slider grve-layout-1 grve-gallery-popup\"  style=\" \">  <div class=\"grve-carousel-wrapper\"><div class=\"grve-carousel-navigation grve-dark grve-navigation-1 grve-navigation-default\">\t<div class=\"grve-carousel-buttons\">\t\t<div class=\"grve-carousel-prev\">\t\t\t<i class=\"grve-icon-nav-left-small\"><\/i>\t\t<\/div>\t\t<div class=\"grve-carousel-next\">\t\t\t<i class=\"grve-icon-nav-right-small\"><\/i>\t\t<\/div>\t<\/div><\/div><div class=\"grve-slider-element owl-carousel grve-theme\" data-slider-speed=\"4000\" data-slider-pause=\"yes\" data-slider-autoplay=\"yes\" data-slider-loop=\"yes\" data-slider-transition=\"slide\" data-slider-autoheight=\"no\" data-pagination=\"no\"><div class=\"grve-slider-item grve-hover-item grve-hover-style-none\">  <figure class=\"grve-image-hover grve-zoom-none\">    <a class=\"grve-item-url\" href=\"https:\/\/planimolde.pt\/wp-content\/uploads\/2020\/11\/Declaration_Conformity_Manufacturer_Full-Face-Shield.jpg\" ><\/a><div class=\"grve-media\"><img width=\"1357\" height=\"1920\" src=\"https:\/\/planimolde.pt\/wp-content\/uploads\/2020\/11\/Declaration_Conformity_Manufacturer_Full-Face-Shield-1357x1920.jpg\" class=\"attachment-movedo-grve-fullscreen size-movedo-grve-fullscreen\" alt=\"\" loading=\"lazy\" srcset=\"https:\/\/planimolde.pt\/wp-content\/uploads\/2020\/11\/Declaration_Conformity_Manufacturer_Full-Face-Shield-1357x1920.jpg 1357w, https:\/\/planimolde.pt\/wp-content\/uploads\/2020\/11\/Declaration_Conformity_Manufacturer_Full-Face-Shield-212x300.jpg 212w, https:\/\/planimolde.pt\/wp-content\/uploads\/2020\/11\/Declaration_Conformity_Manufacturer_Full-Face-Shield-724x1024.jpg 724w, https:\/\/planimolde.pt\/wp-content\/uploads\/2020\/11\/Declaration_Conformity_Manufacturer_Full-Face-Shield-768x1086.jpg 768w, https:\/\/planimolde.pt\/wp-content\/uploads\/2020\/11\/Declaration_Conformity_Manufacturer_Full-Face-Shield-1086x1536.jpg 1086w, https:\/\/planimolde.pt\/wp-content\/uploads\/2020\/11\/Declaration_Conformity_Manufacturer_Full-Face-Shield-1448x2048.jpg 1448w, https:\/\/planimolde.pt\/wp-content\/uploads\/2020\/11\/Declaration_Conformity_Manufacturer_Full-Face-Shield.jpg 1653w\" sizes=\"(max-width: 1357px) 100vw, 1357px\" \/><\/div>  <\/figure><\/div><div class=\"grve-slider-item grve-hover-item grve-hover-style-none\">  <figure class=\"grve-image-hover grve-zoom-none\">    <a class=\"grve-item-url\" href=\"https:\/\/planimolde.pt\/wp-content\/uploads\/2020\/08\/Declaracao-CE-Oculos.jpg\" ><\/a><div class=\"grve-media\"><img width=\"1357\" height=\"1920\" src=\"https:\/\/planimolde.pt\/wp-content\/uploads\/2020\/08\/Declaracao-CE-Oculos-1357x1920.jpg\" class=\"attachment-movedo-grve-fullscreen size-movedo-grve-fullscreen\" alt=\"\" loading=\"lazy\" srcset=\"https:\/\/planimolde.pt\/wp-content\/uploads\/2020\/08\/Declaracao-CE-Oculos-1357x1920.jpg 1357w, https:\/\/planimolde.pt\/wp-content\/uploads\/2020\/08\/Declaracao-CE-Oculos-212x300.jpg 212w, https:\/\/planimolde.pt\/wp-content\/uploads\/2020\/08\/Declaracao-CE-Oculos-724x1024.jpg 724w, https:\/\/planimolde.pt\/wp-content\/uploads\/2020\/08\/Declaracao-CE-Oculos-768x1086.jpg 768w, https:\/\/planimolde.pt\/wp-content\/uploads\/2020\/08\/Declaracao-CE-Oculos-1086x1536.jpg 1086w, https:\/\/planimolde.pt\/wp-content\/uploads\/2020\/08\/Declaracao-CE-Oculos-1448x2048.jpg 1448w, https:\/\/planimolde.pt\/wp-content\/uploads\/2020\/08\/Declaracao-CE-Oculos.jpg 1653w\" sizes=\"(max-width: 1357px) 100vw, 1357px\" \/><\/div>  <\/figure><\/div><div class=\"grve-slider-item grve-hover-item grve-hover-style-none\">  <figure class=\"grve-image-hover grve-zoom-none\">    <a class=\"grve-item-url\" href=\"https:\/\/planimolde.pt\/wp-content\/uploads\/2025\/02\/Certificado-ISO9001_PT_2025.png\" ><\/a><div class=\"grve-media\"><img width=\"1358\" height=\"1920\" src=\"https:\/\/planimolde.pt\/wp-content\/uploads\/2025\/02\/Certificado-ISO9001_PT_2025-1358x1920.png\" class=\"attachment-movedo-grve-fullscreen size-movedo-grve-fullscreen\" alt=\"Certificado ISO9001 PT 2025\" loading=\"lazy\" srcset=\"https:\/\/planimolde.pt\/wp-content\/uploads\/2025\/02\/Certificado-ISO9001_PT_2025-1358x1920.png 1358w, https:\/\/planimolde.pt\/wp-content\/uploads\/2025\/02\/Certificado-ISO9001_PT_2025-212x300.png 212w, https:\/\/planimolde.pt\/wp-content\/uploads\/2025\/02\/Certificado-ISO9001_PT_2025-724x1024.png 724w, https:\/\/planimolde.pt\/wp-content\/uploads\/2025\/02\/Certificado-ISO9001_PT_2025-768x1086.png 768w, https:\/\/planimolde.pt\/wp-content\/uploads\/2025\/02\/Certificado-ISO9001_PT_2025-1087x1536.png 1087w, https:\/\/planimolde.pt\/wp-content\/uploads\/2025\/02\/Certificado-ISO9001_PT_2025-1449x2048.png 1449w, https:\/\/planimolde.pt\/wp-content\/uploads\/2025\/02\/Certificado-ISO9001_PT_2025.png 1654w\" sizes=\"(max-width: 1358px) 100vw, 1358px\" \/><\/div>  <\/figure><\/div>\t<\/div>  <\/div><\/div>[\/vc_column][vc_column width=&#8221;2\/3&#8243;][vc_custom_heading text=&#8221;A PLANIMOLDE entende a QUALIDADE como uma filosofia de empresa assente sobre 4 princ\u00edpios fundamentais, adequados ao contexto da organiza\u00e7\u00e3o e de suporte \u00e0 nossa orienta\u00e7\u00e3o estrat\u00e9gica, que nos permitiu um crescimento est\u00e1vel ao longo de mais de quatro d\u00e9cadas de exist\u00eancia:&#8221; font_container=&#8221;tag:h2|text_align:left|color:%23727272&#8243; google_fonts=&#8221;font_family:Open%20Sans%3A300%2C300italic%2Cregular%2Citalic%2C600%2C600italic%2C700%2C700italic%2C800%2C800italic|font_style:800%20bold%20regular%3A800%3Anormal&#8221;][vc_row_inner css=&#8221;.vc_custom_1590570453346{margin-bottom: 0px !important;}&#8221;][vc_column_inner width=&#8221;1\/2&#8243;]<div class=\"grve-empty-space grve-height-2x\" style=\"\"><\/div>[vc_custom_heading text=&#8221;Apostar na Inova\u00e7\u00e3o&#8221; font_container=&#8221;tag:h2|text_align:left|color:%23b40a26&#8243; google_fonts=&#8221;font_family:Open%20Sans%3A300%2C300italic%2Cregular%2Citalic%2C600%2C600italic%2C700%2C700italic%2C800%2C800italic|font_style:800%20bold%20regular%3A800%3Anormal&#8221;][vc_column_text]Numa aposta clara na Inova\u00e7\u00e3o, \u00e9 pol\u00edtica da PLANIMOLDE o desenvolvimento de novas \u00e1reas de neg\u00f3cio, conce\u00e7\u00e3o e desenvolvimento de produtos pr\u00f3prios para produ\u00e7\u00e3o e abordagem de novos clientes e novos mercados. A PLANIMOLDE tem plena capacidade para ser um parceiro de confian\u00e7a em projetos diferenciadores e para criar uma estrat\u00e9gia comercial no sentido de promover e evidenciar essas mesmas capacidades.[\/vc_column_text][\/vc_column_inner][vc_column_inner width=&#8221;1\/2&#8243;]<div class=\"grve-empty-space grve-height-2x\" style=\"\"><\/div>[vc_custom_heading text=&#8221;Aumentar a qualidade e diversidade (dos produtos e servi\u00e7os prestados)&#8221; font_container=&#8221;tag:h2|text_align:left|color:%23b40a26&#8243; google_fonts=&#8221;font_family:Open%20Sans%3A300%2C300italic%2Cregular%2Citalic%2C600%2C600italic%2C700%2C700italic%2C800%2C800italic|font_style:800%20bold%20regular%3A800%3Anormal&#8221;][vc_column_text]Numa perspetiva de melhoria cont\u00ednua da nossa qualidade e assim da satisfa\u00e7\u00e3o dos nossos clientes, a PLANIMOLDE pretende continuar a aumentar o leque de produtos e servi\u00e7os disponibilizados, significando isto, um constante incremento do n\u00edvel de qualidade.[\/vc_column_text][\/vc_column_inner][\/vc_row_inner][vc_row_inner][vc_column_inner width=&#8221;1\/2&#8243;]<div class=\"grve-empty-space grve-height-2x\" style=\"\"><\/div>[vc_custom_heading text=&#8221;Melhorar continuamente o sistema de gest\u00e3o&#8221; font_container=&#8221;tag:h2|text_align:left|color:%23b40a26&#8243; google_fonts=&#8221;font_family:Open%20Sans%3A300%2C300italic%2Cregular%2Citalic%2C600%2C600italic%2C700%2C700italic%2C800%2C800italic|font_style:800%20bold%20regular%3A800%3Anormal&#8221;][vc_column_text]A PLANIMOLDE compromete-se a melhorar e monitorizar o funcionamento do Sistema de Gest\u00e3o de acordo com a norma NP EN ISO 9001, de modo a garantir o cumprimento dos objetivos e requisitos da qualidade numa perspetiva de melhoria cont\u00ednua.<br \/>\nA Administra\u00e7\u00e3o da PLANIMOLDE aprova e apoia na \u00edntegra esta Pol\u00edtica da Qualidade, obrigando-se por este meio a cumprir os requisitos da norma ISO 9001:2015, dos clientes e das restantes partes interessadas em conson\u00e2ncia com as exig\u00eancias estatut\u00e1rias ou regulamentares aplic\u00e1veis.[\/vc_column_text][\/vc_column_inner][vc_column_inner width=&#8221;1\/2&#8243;]<div class=\"grve-empty-space grve-height-2x\" style=\"\"><\/div>[vc_custom_heading text=&#8221;Melhorar a rentabilidade&#8221; font_container=&#8221;tag:h2|text_align:left|color:%23b40a26&#8243; google_fonts=&#8221;font_family:Open%20Sans%3A300%2C300italic%2Cregular%2Citalic%2C600%2C600italic%2C700%2C700italic%2C800%2C800italic|font_style:800%20bold%20regular%3A800%3Anormal&#8221;][vc_column_text]A imagem criada no mercado, em geral, e para os nossos clientes em particular, implica obriga\u00e7\u00f5es acrescidas \u00e0 PLANIMOLDE, tornando imprescind\u00edvel a melhoria permanente da produtividade da empresa, a normaliza\u00e7\u00e3o de pe\u00e7as e processos, a QUALIDADE das metodologias e do equipamento adquirido, seja ele produtivo ou de controlo da qualidade, complementado com um planeamento eficaz e com colaboradores altamente motivados e competentes. A melhoria cont\u00ednua da Produtividade \u00e9 o garante da satisfa\u00e7\u00e3o e da fideliza\u00e7\u00e3o do nosso cliente.[\/vc_column_text][\/vc_column_inner][\/vc_row_inner][\/vc_column][\/vc_row][vc_row][vc_column]<div class=\"grve-empty-space grve-height-4x\" style=\"\"><\/div>[\/vc_column][\/vc_row]<\/p>","protected":false},"excerpt":{"rendered":"<p>Lorem ipsum dolor sit amet, fierent invidunt eleifend an sea, sea at nonumes deserunt, cum in dictas maiorum consequat. Legere delicata sea eu, vix ei blandit forensibus. Ne qui posse munere molestiae, no has stet dolorum.<\/p>\n","protected":false},"author":1,"featured_media":0,"parent":0,"menu_order":0,"comment_status":"closed","ping_status":"closed","template":"","meta":[],"_links":{"self":[{"href":"https:\/\/planimolde.pt\/pt\/wp-json\/wp\/v2\/pages\/17655"}],"collection":[{"href":"https:\/\/planimolde.pt\/pt\/wp-json\/wp\/v2\/pages"}],"about":[{"href":"https:\/\/planimolde.pt\/pt\/wp-json\/wp\/v2\/types\/page"}],"author":[{"embeddable":true,"href":"https:\/\/planimolde.pt\/pt\/wp-json\/wp\/v2\/users\/1"}],"replies":[{"embeddable":true,"href":"https:\/\/planimolde.pt\/pt\/wp-json\/wp\/v2\/comments?post=17655"}],"version-history":[{"count":95,"href":"https:\/\/planimolde.pt\/pt\/wp-json\/wp\/v2\/pages\/17655\/revisions"}],"predecessor-version":[{"id":19084,"href":"https:\/\/planimolde.pt\/pt\/wp-json\/wp\/v2\/pages\/17655\/revisions\/19084"}],"wp:attachment":[{"href":"https:\/\/planimolde.pt\/pt\/wp-json\/wp\/v2\/media?parent=17655"}],"curies":[{"name":"wp","href":"https:\/\/api.w.org\/{rel}","templated":true}]}}