{"id":16632,"date":"2020-05-12T13:44:07","date_gmt":"2020-05-12T13:44:07","guid":{"rendered":"http:\/\/planimolde.younik.pt\/?page_id=16632"},"modified":"2020-11-16T10:33:07","modified_gmt":"2020-11-16T10:33:07","slug":"iml-imf","status":"publish","type":"page","link":"https:\/\/planimolde.pt\/pt\/iml-imf\/","title":{"rendered":"IML e IMF"},"content":{"rendered":"<p><\/p>\n<p>[vc_row section_full_height=&#8221;fullheight&#8221; bg_type=&#8221;image&#8221; bg_image=&#8221;16334&#8243; bg_image_size=&#8221;responsive&#8221; padding_top_multiplier=&#8221;3x&#8221; padding_bottom_multiplier=&#8221;3x&#8221; columns_gap=&#8221;60&#8243; equal_column_height=&#8221;middle-content&#8221; el_class=&#8221;fullscreen_with_reveal_slider&#8221;][vc_column vertical_content_position=&#8221;middle&#8221; css=&#8221;.vc_custom_1588924659911{margin-top: 0px !important;margin-bottom: 0px !important;padding-top: 0px !important;padding-bottom: 0px !important;}&#8221;][vc_row_inner disable_element=&#8221;yes&#8221; el_class=&#8221;vertical-center&#8221;][vc_column_inner width=&#8221;1\/4&#8243;][\/vc_column_inner][vc_column_inner width=&#8221;1\/2&#8243;]\r\n\t\t<div\r\n\t\t\tclass=\"twentytwenty-container wb_vc_baic_container\"\r\n\t\t\tid=\"wb_before_after_2_1777190985\"\r\n\t\t\tdata-before-text = \"Before\"\r\n\t\t\tdata-after-text = \"After\"\r\n\t\t>\r\n\t\t\t<img width=\"768\" height=\"568\" src=\"https:\/\/planimolde.pt\/wp-content\/uploads\/2020\/05\/molde_berbequim_-768x568.png\" class=\"attachment-medium_large size-medium_large\" alt=\"\" loading=\"lazy\" srcset=\"https:\/\/planimolde.pt\/wp-content\/uploads\/2020\/05\/molde_berbequim_-768x568.png 768w, https:\/\/planimolde.pt\/wp-content\/uploads\/2020\/05\/molde_berbequim_-300x222.png 300w, https:\/\/planimolde.pt\/wp-content\/uploads\/2020\/05\/molde_berbequim_-600x444.png 600w, https:\/\/planimolde.pt\/wp-content\/uploads\/2020\/05\/molde_berbequim_.png 1000w\" sizes=\"(max-width: 768px) 100vw, 768px\" \/>\t\t\t<img width=\"768\" height=\"568\" src=\"https:\/\/planimolde.pt\/wp-content\/uploads\/2020\/05\/berbequim_-768x568.png\" class=\"attachment-medium_large size-medium_large\" alt=\"\" loading=\"lazy\" srcset=\"https:\/\/planimolde.pt\/wp-content\/uploads\/2020\/05\/berbequim_-768x568.png 768w, https:\/\/planimolde.pt\/wp-content\/uploads\/2020\/05\/berbequim_-300x222.png 300w, https:\/\/planimolde.pt\/wp-content\/uploads\/2020\/05\/berbequim_-600x444.png 600w, https:\/\/planimolde.pt\/wp-content\/uploads\/2020\/05\/berbequim_.png 1000w\" sizes=\"(max-width: 768px) 100vw, 768px\" \/>\t\t<\/div>\r\n<!--  -->\r\n[\/vc_column_inner][vc_column_inner width=&#8221;1\/4&#8243;][\/vc_column_inner][\/vc_row_inner][vc_row_inner el_class=&#8221;vertical-center&#8221;][vc_column_inner width=&#8221;1\/4&#8243;][vc_column_text]<\/p>\n<p style=\"color: #aaaaaa;\">Tecnologia especialmente utilizada para fins est\u00e9ticos, pela ind\u00fastria autom\u00f3vel (IMF) e pela ind\u00fastria de embalagens (IML), exigindo um funcionamento perfeito do molde e um processo completamente optimizado.<\/p>\n<p>[\/vc_column_text][\/vc_column_inner][vc_column_inner width=&#8221;1\/2&#8243;]<div class=\"grve-element grve-image grve-align-center\" style=\"\">  <div class=\"grve-image-wrapper\"><img width=\"1000\" height=\"740\" src=\"https:\/\/planimolde.pt\/wp-content\/uploads\/2020\/08\/iml_imf_.png\" class=\"attachment-full size-full\" alt=\"\" loading=\"lazy\" srcset=\"https:\/\/planimolde.pt\/wp-content\/uploads\/2020\/08\/iml_imf_.png 1000w, https:\/\/planimolde.pt\/wp-content\/uploads\/2020\/08\/iml_imf_-300x222.png 300w, https:\/\/planimolde.pt\/wp-content\/uploads\/2020\/08\/iml_imf_-768x568.png 768w\" sizes=\"(max-width: 1000px) 100vw, 1000px\" \/>   <\/div><\/div>[\/vc_column_inner][vc_column_inner width=&#8221;1\/4&#8243;][vc_column_text]<\/p>\n<p style=\"color: #aaaaaa;\">A nossa experi\u00eancia com a tecnologia IMF \u00e9 sobretudo para pe\u00e7as est\u00e9ticas, nomeadamente de interior autom\u00f3vel (imita\u00e7\u00e3o de fibra de carbono, de alum\u00ednio escovado e v\u00e1rios tipos de textura e acabamentos\u2026). Na ind\u00fastria de embalagens \u00e9 mais comum a IML, podendo esta ser por sistema de rolo ou v\u00e1cuo.<\/p>\n<p>[\/vc_column_text][\/vc_column_inner][\/vc_row_inner]<div class=\"grve-empty-space grve-height-1x\" style=\"\"><\/div>[vc_widget_sidebar sidebar_id=&#8221;movedo_grve_sidebar_5ebaa72da96d3&#8243; el_class=&#8221;submenu_tecnologias&#8221;]<div class=\"grve-empty-space grve-height-2x\" style=\"\"><\/div>[\/vc_column][\/vc_row]<\/p>\n<p><\/p>","protected":false},"excerpt":{"rendered":"<p>Eum an docendi expetendis. Nam iudico tollit periculis eu. No quo detraxit ocurreret, prima neglegentur ut pro. Ut cum nobis ornatus.<\/p>\n","protected":false},"author":1,"featured_media":0,"parent":0,"menu_order":0,"comment_status":"closed","ping_status":"closed","template":"","meta":[],"_links":{"self":[{"href":"https:\/\/planimolde.pt\/pt\/wp-json\/wp\/v2\/pages\/16632"}],"collection":[{"href":"https:\/\/planimolde.pt\/pt\/wp-json\/wp\/v2\/pages"}],"about":[{"href":"https:\/\/planimolde.pt\/pt\/wp-json\/wp\/v2\/types\/page"}],"author":[{"embeddable":true,"href":"https:\/\/planimolde.pt\/pt\/wp-json\/wp\/v2\/users\/1"}],"replies":[{"embeddable":true,"href":"https:\/\/planimolde.pt\/pt\/wp-json\/wp\/v2\/comments?post=16632"}],"version-history":[{"count":14,"href":"https:\/\/planimolde.pt\/pt\/wp-json\/wp\/v2\/pages\/16632\/revisions"}],"predecessor-version":[{"id":18694,"href":"https:\/\/planimolde.pt\/pt\/wp-json\/wp\/v2\/pages\/16632\/revisions\/18694"}],"wp:attachment":[{"href":"https:\/\/planimolde.pt\/pt\/wp-json\/wp\/v2\/media?parent=16632"}],"curies":[{"name":"wp","href":"https:\/\/api.w.org\/{rel}","templated":true}]}}