{"id":16626,"date":"2020-05-12T13:41:47","date_gmt":"2020-05-12T13:41:47","guid":{"rendered":"http:\/\/planimolde.younik.pt\/?page_id=16626"},"modified":"2020-10-29T11:36:26","modified_gmt":"2020-10-29T11:36:26","slug":"mucell-injection","status":"publish","type":"page","link":"https:\/\/planimolde.pt\/pt\/mucell-injection\/","title":{"rendered":"Injec\u00e7\u00e3o Mucell"},"content":{"rendered":"<p>[vc_row section_full_height=&#8221;fullheight&#8221; bg_type=&#8221;image&#8221; bg_image=&#8221;16334&#8243; bg_image_size=&#8221;responsive&#8221; padding_top_multiplier=&#8221;3x&#8221; padding_bottom_multiplier=&#8221;3x&#8221; columns_gap=&#8221;60&#8243; equal_column_height=&#8221;middle-content&#8221; el_class=&#8221;fullscreen_with_reveal_slider&#8221;][vc_column vertical_content_position=&#8221;middle&#8221; css=&#8221;.vc_custom_1588924659911{margin-top: 0px !important;margin-bottom: 0px !important;padding-top: 0px !important;padding-bottom: 0px !important;}&#8221;][vc_row_inner el_class=&#8221;vertical-center&#8221;][vc_column_inner width=&#8221;1\/4&#8243;][vc_column_text]<\/p>\n<p style=\"color: #aaaaaa;\">Os moldes para a injec\u00e7\u00e3o de \u201cmucell\u201d s\u00e3o moldes com caracter\u00edsticas espec\u00edficas, desde a sua concep\u00e7\u00e3o ao pr\u00f3prio processo de injec\u00e7\u00e3o.<\/p>\n<p>[\/vc_column_text][\/vc_column_inner][vc_column_inner width=&#8221;1\/2&#8243;]\r\n\t\t<div\r\n\t\t\tclass=\"twentytwenty-container wb_vc_baic_container\"\r\n\t\t\tid=\"wb_before_after_2_1776016572\"\r\n\t\t\tdata-before-text = \"Before\"\r\n\t\t\tdata-after-text = \"After\"\r\n\t\t>\r\n\t\t\t<img width=\"768\" height=\"568\" src=\"https:\/\/planimolde.pt\/wp-content\/uploads\/2020\/10\/Injeccao-Mucell-min-768x568.png\" class=\"attachment-medium_large size-medium_large\" alt=\"\" loading=\"lazy\" srcset=\"https:\/\/planimolde.pt\/wp-content\/uploads\/2020\/10\/Injeccao-Mucell-min-768x568.png 768w, https:\/\/planimolde.pt\/wp-content\/uploads\/2020\/10\/Injeccao-Mucell-min-300x222.png 300w, https:\/\/planimolde.pt\/wp-content\/uploads\/2020\/10\/Injeccao-Mucell-min.png 1000w\" sizes=\"(max-width: 768px) 100vw, 768px\" \/>\t\t\t<img width=\"768\" height=\"568\" src=\"https:\/\/planimolde.pt\/wp-content\/uploads\/2020\/10\/Injeccao-Mucell-produto-min-768x568.png\" class=\"attachment-medium_large size-medium_large\" alt=\"\" loading=\"lazy\" srcset=\"https:\/\/planimolde.pt\/wp-content\/uploads\/2020\/10\/Injeccao-Mucell-produto-min-768x568.png 768w, https:\/\/planimolde.pt\/wp-content\/uploads\/2020\/10\/Injeccao-Mucell-produto-min-300x222.png 300w, https:\/\/planimolde.pt\/wp-content\/uploads\/2020\/10\/Injeccao-Mucell-produto-min.png 1000w\" sizes=\"(max-width: 768px) 100vw, 768px\" \/>\t\t<\/div>\r\n<!--  -->\r\n[\/vc_column_inner][vc_column_inner width=&#8221;1\/4&#8243;][vc_column_text]<\/p>\n<p style=\"color: #aaaaaa;\">Nos nossos moldes para \u201cmucell\u201d temos em conta o comportamento deste material, efectuando an\u00e1lises pr\u00e9vias de enchimento (Mold-Flow Analysis) considerando a necess\u00e1ria compensa\u00e7\u00e3o de empeno e aplicando no fabrico do molde o contra-empeno necess\u00e1rio para obter um artigo mucell perfeito.<\/p>\n<p>[\/vc_column_text][\/vc_column_inner][\/vc_row_inner]<div class=\"grve-empty-space grve-height-1x\" style=\"\"><\/div>[vc_widget_sidebar sidebar_id=&#8221;movedo_grve_sidebar_5ebaa72da96d3&#8243; el_class=&#8221;submenu_tecnologias&#8221;]<div class=\"grve-empty-space grve-height-2x\" style=\"\"><\/div>[\/vc_column][\/vc_row]<\/p>","protected":false},"excerpt":{"rendered":"<p>Eum an docendi expetendis. Nam iudico tollit periculis eu. No quo detraxit ocurreret, prima neglegentur ut pro. Ut cum nobis ornatus.<\/p>\n","protected":false},"author":1,"featured_media":0,"parent":0,"menu_order":0,"comment_status":"closed","ping_status":"closed","template":"","meta":[],"_links":{"self":[{"href":"https:\/\/planimolde.pt\/pt\/wp-json\/wp\/v2\/pages\/16626"}],"collection":[{"href":"https:\/\/planimolde.pt\/pt\/wp-json\/wp\/v2\/pages"}],"about":[{"href":"https:\/\/planimolde.pt\/pt\/wp-json\/wp\/v2\/types\/page"}],"author":[{"embeddable":true,"href":"https:\/\/planimolde.pt\/pt\/wp-json\/wp\/v2\/users\/1"}],"replies":[{"embeddable":true,"href":"https:\/\/planimolde.pt\/pt\/wp-json\/wp\/v2\/comments?post=16626"}],"version-history":[{"count":20,"href":"https:\/\/planimolde.pt\/pt\/wp-json\/wp\/v2\/pages\/16626\/revisions"}],"predecessor-version":[{"id":18574,"href":"https:\/\/planimolde.pt\/pt\/wp-json\/wp\/v2\/pages\/16626\/revisions\/18574"}],"wp:attachment":[{"href":"https:\/\/planimolde.pt\/pt\/wp-json\/wp\/v2\/media?parent=16626"}],"curies":[{"name":"wp","href":"https:\/\/api.w.org\/{rel}","templated":true}]}}