{"id":18140,"date":"2020-07-23T07:40:27","date_gmt":"2020-07-23T07:40:27","guid":{"rendered":"http:\/\/planimolde.younik.pt\/?page_id=18140"},"modified":"2020-09-18T15:54:05","modified_gmt":"2020-09-18T15:54:05","slug":"thin-walls","status":"publish","type":"page","link":"https:\/\/planimolde.pt\/fr\/thin-walls\/","title":{"rendered":"\u00c9paisseur mince"},"content":{"rendered":"<p>[vc_row section_full_height=\u00a0\u00bbfullheight\u00a0\u00bb bg_type=\u00a0\u00bbimage\u00a0\u00bb bg_image=\u00a0\u00bb16334&Prime; bg_image_size=\u00a0\u00bbresponsive\u00a0\u00bb padding_top_multiplier=\u00a0\u00bb3x\u00a0\u00bb padding_bottom_multiplier=\u00a0\u00bb3x\u00a0\u00bb columns_gap=\u00a0\u00bb60&Prime; equal_column_height=\u00a0\u00bbmiddle-content\u00a0\u00bb el_class=\u00a0\u00bbfullscreen_with_reveal_slider\u00a0\u00bb][vc_column vertical_content_position=\u00a0\u00bbmiddle\u00a0\u00bb css=\u00a0\u00bb.vc_custom_1588924659911{margin-top: 0px !important;margin-bottom: 0px !important;padding-top: 0px !important;padding-bottom: 0px !important;}\u00a0\u00bb][vc_row_inner el_class=\u00a0\u00bbvertical-center\u00a0\u00bb][vc_column_inner width=\u00a0\u00bb1\/4&Prime;][vc_column_text]<\/p>\n<p style=\"color: #aaaaaa;\">Moules avec des exigences techniques sp\u00e9cifiques qui permettent une cadence \u00e9lev\u00e9e de pi\u00e8ces \u00e0 parois extr\u00eamement fines.<\/p>\n<p>[\/vc_column_text][\/vc_column_inner][vc_column_inner width=\u00a0\u00bb1\/2&Prime;]\r\n\t\t<div\r\n\t\t\tclass=\"twentytwenty-container wb_vc_baic_container\"\r\n\t\t\tid=\"wb_before_after_3_1775318429\"\r\n\t\t\tdata-before-text = \"Before\"\r\n\t\t\tdata-after-text = \"After\"\r\n\t\t>\r\n\t\t\t<img width=\"768\" height=\"568\" src=\"https:\/\/planimolde.pt\/wp-content\/uploads\/2020\/07\/YK_Thin_Walls_MOLDE-min-768x568.png\" class=\"attachment-medium_large size-medium_large\" alt=\"\" loading=\"lazy\" srcset=\"https:\/\/planimolde.pt\/wp-content\/uploads\/2020\/07\/YK_Thin_Walls_MOLDE-min-768x568.png 768w, https:\/\/planimolde.pt\/wp-content\/uploads\/2020\/07\/YK_Thin_Walls_MOLDE-min-300x222.png 300w, https:\/\/planimolde.pt\/wp-content\/uploads\/2020\/07\/YK_Thin_Walls_MOLDE-min.png 1000w\" sizes=\"(max-width: 768px) 100vw, 768px\" \/>\t\t\t<img width=\"768\" height=\"568\" src=\"https:\/\/planimolde.pt\/wp-content\/uploads\/2020\/07\/YK_Thin_Walls_PECA-min-768x568.png\" class=\"attachment-medium_large size-medium_large\" alt=\"\" loading=\"lazy\" srcset=\"https:\/\/planimolde.pt\/wp-content\/uploads\/2020\/07\/YK_Thin_Walls_PECA-min-768x568.png 768w, https:\/\/planimolde.pt\/wp-content\/uploads\/2020\/07\/YK_Thin_Walls_PECA-min-300x222.png 300w, https:\/\/planimolde.pt\/wp-content\/uploads\/2020\/07\/YK_Thin_Walls_PECA-min.png 1000w\" sizes=\"(max-width: 768px) 100vw, 768px\" \/>\t\t<\/div>\r\n<!--  -->\r\n[\/vc_column_inner][vc_column_inner width=\u00a0\u00bb1\/4&Prime;][vc_column_text]<\/p>\n<p style=\"color: #aaaaaa;\">Nous avons exp\u00e9rience depuis notre fondation dans des moules pour \u00e9paisseurs mince, de haute cadence, comprenant plusieurs versions dans le m\u00eame moule principalement pour l&rsquo;industrie de l&#8217;emballage et de l&rsquo;\u00e9lectrique.<\/p>\n<p>[\/vc_column_text][\/vc_column_inner][\/vc_row_inner]<div class=\"grve-empty-space grve-height-1x\" style=\"\"><\/div>[vc_widget_sidebar sidebar_id=\u00a0\u00bbmovedo_grve_sidebar_5ebaa72da96d3&Prime; el_class=\u00a0\u00bbsubmenu_tecnologias\u00a0\u00bb]<div class=\"grve-empty-space grve-height-2x\" style=\"\"><\/div>[\/vc_column][\/vc_row]<\/p>","protected":false},"excerpt":{"rendered":"<p>Eum an docendi expetendis. Nam iudico tollit periculis eu. No quo detraxit ocurreret, prima neglegentur ut pro. Ut cum nobis ornatus.<\/p>\n","protected":false},"author":1,"featured_media":0,"parent":0,"menu_order":0,"comment_status":"closed","ping_status":"closed","template":"","meta":[],"_links":{"self":[{"href":"https:\/\/planimolde.pt\/fr\/wp-json\/wp\/v2\/pages\/18140"}],"collection":[{"href":"https:\/\/planimolde.pt\/fr\/wp-json\/wp\/v2\/pages"}],"about":[{"href":"https:\/\/planimolde.pt\/fr\/wp-json\/wp\/v2\/types\/page"}],"author":[{"embeddable":true,"href":"https:\/\/planimolde.pt\/fr\/wp-json\/wp\/v2\/users\/1"}],"replies":[{"embeddable":true,"href":"https:\/\/planimolde.pt\/fr\/wp-json\/wp\/v2\/comments?post=18140"}],"version-history":[{"count":3,"href":"https:\/\/planimolde.pt\/fr\/wp-json\/wp\/v2\/pages\/18140\/revisions"}],"predecessor-version":[{"id":18532,"href":"https:\/\/planimolde.pt\/fr\/wp-json\/wp\/v2\/pages\/18140\/revisions\/18532"}],"wp:attachment":[{"href":"https:\/\/planimolde.pt\/fr\/wp-json\/wp\/v2\/media?parent=18140"}],"curies":[{"name":"wp","href":"https:\/\/api.w.org\/{rel}","templated":true}]}}