{"id":17716,"date":"2020-06-17T14:26:56","date_gmt":"2020-06-17T14:26:56","guid":{"rendered":"http:\/\/planimolde.younik.pt\/?page_id=17716"},"modified":"2020-11-18T11:44:37","modified_gmt":"2020-11-18T11:44:37","slug":"profiles","status":"publish","type":"page","link":"https:\/\/planimolde.pt\/fr\/profiles\/","title":{"rendered":"Moules fili\u00e8res d&rsquo;extrusion"},"content":{"rendered":"<p><\/p>\n<p>[vc_row section_full_height=\u00a0\u00bbfullheight\u00a0\u00bb bg_type=\u00a0\u00bbimage\u00a0\u00bb bg_image=\u00a0\u00bb16334&Prime; bg_image_size=\u00a0\u00bbresponsive\u00a0\u00bb padding_top_multiplier=\u00a0\u00bb3x\u00a0\u00bb padding_bottom_multiplier=\u00a0\u00bb3x\u00a0\u00bb columns_gap=\u00a0\u00bb60&Prime; equal_column_height=\u00a0\u00bbmiddle-content\u00a0\u00bb el_class=\u00a0\u00bbfullscreen_with_reveal_slider\u00a0\u00bb][vc_column vertical_content_position=\u00a0\u00bbmiddle\u00a0\u00bb css=\u00a0\u00bb.vc_custom_1588924659911{margin-top: 0px !important;margin-bottom: 0px !important;padding-top: 0px !important;padding-bottom: 0px !important;}\u00a0\u00bb][vc_row_inner disable_element=\u00a0\u00bbyes\u00a0\u00bb el_class=\u00a0\u00bbvertical-center\u00a0\u00bb][vc_column_inner width=\u00a0\u00bb1\/4&Prime;][vc_column_text]<\/p>\n<p style=\"color: #aaaaaa;\">Moules d&rsquo;extrusion pour la fabrication de profils\/ fili\u00e8res d&rsquo;extrusion de longueur variable, en r\u00e8gle g\u00e9n\u00e9rale, continus.<\/p>\n<p>[\/vc_column_text][\/vc_column_inner][vc_column_inner width=\u00a0\u00bb1\/2&Prime;]\r\n\t\t<div\r\n\t\t\tclass=\"twentytwenty-container wb_vc_baic_container\"\r\n\t\t\tid=\"wb_before_after_3_1776019315\"\r\n\t\t\tdata-before-text = \"Before\"\r\n\t\t\tdata-after-text = \"After\"\r\n\t\t>\r\n\t\t\t<img width=\"768\" height=\"568\" src=\"https:\/\/planimolde.pt\/wp-content\/uploads\/2020\/05\/molde_berbequim_-768x568.png\" class=\"attachment-medium_large size-medium_large\" alt=\"\" loading=\"lazy\" srcset=\"https:\/\/planimolde.pt\/wp-content\/uploads\/2020\/05\/molde_berbequim_-768x568.png 768w, https:\/\/planimolde.pt\/wp-content\/uploads\/2020\/05\/molde_berbequim_-300x222.png 300w, https:\/\/planimolde.pt\/wp-content\/uploads\/2020\/05\/molde_berbequim_-600x444.png 600w, https:\/\/planimolde.pt\/wp-content\/uploads\/2020\/05\/molde_berbequim_.png 1000w\" sizes=\"(max-width: 768px) 100vw, 768px\" \/>\t\t\t<img width=\"768\" height=\"568\" src=\"https:\/\/planimolde.pt\/wp-content\/uploads\/2020\/05\/berbequim_-768x568.png\" class=\"attachment-medium_large size-medium_large\" alt=\"\" loading=\"lazy\" srcset=\"https:\/\/planimolde.pt\/wp-content\/uploads\/2020\/05\/berbequim_-768x568.png 768w, https:\/\/planimolde.pt\/wp-content\/uploads\/2020\/05\/berbequim_-300x222.png 300w, https:\/\/planimolde.pt\/wp-content\/uploads\/2020\/05\/berbequim_-600x444.png 600w, https:\/\/planimolde.pt\/wp-content\/uploads\/2020\/05\/berbequim_.png 1000w\" sizes=\"(max-width: 768px) 100vw, 768px\" \/>\t\t<\/div>\r\n<!--  -->\r\n[\/vc_column_inner][vc_column_inner width=\u00a0\u00bb1\/4&Prime;][vc_column_text]<\/p>\n<p style=\"color: #aaaaaa;\">Nous fabriquons fr\u00e9quemment ce type de profil\u00e9s pour le march\u00e9 national, g\u00e9n\u00e9ralement pour des mat\u00e9riaux hautement corrosifs tels que la fibre de carbone et l&rsquo;EPOXY.<\/p>\n<p>[\/vc_column_text][\/vc_column_inner][\/vc_row_inner][vc_row_inner el_class=\u00a0\u00bbvertical-center\u00a0\u00bb][vc_column_inner width=\u00a0\u00bb1\/4&Prime;][vc_column_text]<\/p>\n<p style=\"color: #aaaaaa;\">Moules d&rsquo;extrusion pour la fabrication de profils\/ fili\u00e8res d&rsquo;extrusion de longueur variable, en r\u00e8gle g\u00e9n\u00e9rale, continus.<\/p>\n<p>[\/vc_column_text][\/vc_column_inner][vc_column_inner width=\u00a0\u00bb1\/2&Prime;]<div class=\"grve-element grve-image grve-align-center\" style=\"\">  <div class=\"grve-image-wrapper\"><img width=\"1000\" height=\"740\" src=\"https:\/\/planimolde.pt\/wp-content\/uploads\/2020\/11\/tecnologias_sem_foto.png\" class=\"attachment-full size-full\" alt=\"\" loading=\"lazy\" srcset=\"https:\/\/planimolde.pt\/wp-content\/uploads\/2020\/11\/tecnologias_sem_foto.png 1000w, https:\/\/planimolde.pt\/wp-content\/uploads\/2020\/11\/tecnologias_sem_foto-300x222.png 300w, https:\/\/planimolde.pt\/wp-content\/uploads\/2020\/11\/tecnologias_sem_foto-768x568.png 768w\" sizes=\"(max-width: 1000px) 100vw, 1000px\" \/>   <\/div><\/div>[\/vc_column_inner][vc_column_inner width=\u00a0\u00bb1\/4&Prime;][vc_column_text]<\/p>\n<p style=\"color: #aaaaaa;\">Nous fabriquons fr\u00e9quemment ce type de profil\u00e9s pour le march\u00e9 national, g\u00e9n\u00e9ralement pour des mat\u00e9riaux hautement corrosifs tels que la fibre de carbone et l&rsquo;EPOXY.<\/p>\n<p>[\/vc_column_text][\/vc_column_inner][\/vc_row_inner]<div class=\"grve-empty-space grve-height-1x\" style=\"\"><\/div>[vc_widget_sidebar sidebar_id=\u00a0\u00bbmovedo_grve_sidebar_5ebaa72da96d3&Prime; el_class=\u00a0\u00bbsubmenu_tecnologias\u00a0\u00bb]<div class=\"grve-empty-space grve-height-2x\" style=\"\"><\/div>[\/vc_column][\/vc_row]<\/p>\n<p><\/p>","protected":false},"excerpt":{"rendered":"<p>Eum an docendi expetendis. Nam iudico tollit periculis eu. No quo detraxit ocurreret, prima neglegentur ut pro. Ut cum nobis ornatus.<\/p>\n","protected":false},"author":1,"featured_media":0,"parent":0,"menu_order":0,"comment_status":"closed","ping_status":"closed","template":"","meta":[],"_links":{"self":[{"href":"https:\/\/planimolde.pt\/fr\/wp-json\/wp\/v2\/pages\/17716"}],"collection":[{"href":"https:\/\/planimolde.pt\/fr\/wp-json\/wp\/v2\/pages"}],"about":[{"href":"https:\/\/planimolde.pt\/fr\/wp-json\/wp\/v2\/types\/page"}],"author":[{"embeddable":true,"href":"https:\/\/planimolde.pt\/fr\/wp-json\/wp\/v2\/users\/1"}],"replies":[{"embeddable":true,"href":"https:\/\/planimolde.pt\/fr\/wp-json\/wp\/v2\/comments?post=17716"}],"version-history":[{"count":7,"href":"https:\/\/planimolde.pt\/fr\/wp-json\/wp\/v2\/pages\/17716\/revisions"}],"predecessor-version":[{"id":18731,"href":"https:\/\/planimolde.pt\/fr\/wp-json\/wp\/v2\/pages\/17716\/revisions\/18731"}],"wp:attachment":[{"href":"https:\/\/planimolde.pt\/fr\/wp-json\/wp\/v2\/media?parent=17716"}],"curies":[{"name":"wp","href":"https:\/\/api.w.org\/{rel}","templated":true}]}}