{"id":17655,"date":"2020-05-26T10:24:02","date_gmt":"2020-05-26T10:24:02","guid":{"rendered":"http:\/\/planimolde.younik.pt\/?page_id=17655"},"modified":"2025-02-18T15:39:25","modified_gmt":"2025-02-18T15:39:25","slug":"quality","status":"publish","type":"page","link":"https:\/\/planimolde.pt\/fr\/quality\/","title":{"rendered":"Qualit\u00e9"},"content":{"rendered":"<p>[vc_row heading_color=\u00a0\u00bblight\u00a0\u00bb bg_type=\u00a0\u00bbimage\u00a0\u00bb bg_image=\u00a0\u00bb16847&Prime; color_overlay=\u00a0\u00bbdark\u00a0\u00bb opacity_overlay=\u00a0\u00bb30&Prime; padding_top_multiplier=\u00a0\u00bbcustom\u00a0\u00bb padding_bottom_multiplier=\u00a0\u00bbcustom\u00a0\u00bb separator_bottom=\u00a0\u00bbtilt-right-separator\u00a0\u00bb parallax_sensor=\u00a0\u00bb350&Prime; font_color=\u00a0\u00bb#ffffff\u00a0\u00bb padding_top=\u00a0\u00bb8%\u00a0\u00bb padding_bottom=\u00a0\u00bb8%\u00a0\u00bb][vc_column][vc_custom_heading text=\u00a0\u00bbQualit\u00e9\u00a0\u00bb font_container=\u00a0\u00bbtag:h1|text_align:center|color:%23ffffff\u00a0\u00bb google_fonts=\u00a0\u00bbfont_family:Open%20Sans%3A300%2C300italic%2Cregular%2Citalic%2C600%2C600italic%2C700%2C700italic%2C800%2C800italic|font_style:800%20bold%20regular%3A800%3Anormal\u00a0\u00bb css=\u00a0\u00bb.vc_custom_1600357028751{padding-bottom: 50px !important;}\u00a0\u00bb][\/vc_column][\/vc_row][vc_row][vc_column]<div class=\"grve-empty-space grve-height-2x\" style=\"\"><\/div>[\/vc_column][\/vc_row][vc_row columns_gap=\u00a0\u00bb60&Prime;][vc_column width=\u00a0\u00bb1\/3&Prime;]<div class=\"grve-element grve-slider grve-layout-1 grve-gallery-popup\"  style=\" \">  <div class=\"grve-carousel-wrapper\"><div class=\"grve-carousel-navigation grve-dark grve-navigation-1 grve-navigation-default\">\t<div class=\"grve-carousel-buttons\">\t\t<div class=\"grve-carousel-prev\">\t\t\t<i class=\"grve-icon-nav-left-small\"><\/i>\t\t<\/div>\t\t<div class=\"grve-carousel-next\">\t\t\t<i class=\"grve-icon-nav-right-small\"><\/i>\t\t<\/div>\t<\/div><\/div><div class=\"grve-slider-element owl-carousel grve-theme\" data-slider-speed=\"4000\" data-slider-pause=\"yes\" data-slider-autoplay=\"yes\" data-slider-loop=\"yes\" data-slider-transition=\"slide\" data-slider-autoheight=\"no\" data-pagination=\"no\"><div class=\"grve-slider-item grve-hover-item grve-hover-style-none\">  <figure class=\"grve-image-hover grve-zoom-none\">    <a class=\"grve-item-url\" href=\"https:\/\/planimolde.pt\/wp-content\/uploads\/2020\/05\/Declaracao-de-Conformidade-Assinada.jpg\" ><\/a><div class=\"grve-media\"><img width=\"1357\" height=\"1920\" src=\"https:\/\/planimolde.pt\/wp-content\/uploads\/2020\/05\/Declaracao-de-Conformidade-Assinada-1357x1920.jpg\" class=\"attachment-movedo-grve-fullscreen size-movedo-grve-fullscreen\" alt=\"\" loading=\"lazy\" srcset=\"https:\/\/planimolde.pt\/wp-content\/uploads\/2020\/05\/Declaracao-de-Conformidade-Assinada-1357x1920.jpg 1357w, https:\/\/planimolde.pt\/wp-content\/uploads\/2020\/05\/Declaracao-de-Conformidade-Assinada-212x300.jpg 212w, https:\/\/planimolde.pt\/wp-content\/uploads\/2020\/05\/Declaracao-de-Conformidade-Assinada-724x1024.jpg 724w, https:\/\/planimolde.pt\/wp-content\/uploads\/2020\/05\/Declaracao-de-Conformidade-Assinada-768x1086.jpg 768w, https:\/\/planimolde.pt\/wp-content\/uploads\/2020\/05\/Declaracao-de-Conformidade-Assinada-1086x1536.jpg 1086w, https:\/\/planimolde.pt\/wp-content\/uploads\/2020\/05\/Declaracao-de-Conformidade-Assinada-1448x2048.jpg 1448w, https:\/\/planimolde.pt\/wp-content\/uploads\/2020\/05\/Declaracao-de-Conformidade-Assinada-600x849.jpg 600w, https:\/\/planimolde.pt\/wp-content\/uploads\/2020\/05\/Declaracao-de-Conformidade-Assinada.jpg 1653w\" sizes=\"(max-width: 1357px) 100vw, 1357px\" \/><\/div>  <\/figure><\/div><div class=\"grve-slider-item grve-hover-item grve-hover-style-none\">  <figure class=\"grve-image-hover grve-zoom-none\">    <a class=\"grve-item-url\" href=\"https:\/\/planimolde.pt\/wp-content\/uploads\/2020\/06\/DeclaracaoConformidade_UE_Viseira_VPI.jpg\" ><\/a><div class=\"grve-media\"><img width=\"1000\" height=\"1415\" src=\"https:\/\/planimolde.pt\/wp-content\/uploads\/2020\/06\/DeclaracaoConformidade_UE_Viseira_VPI.jpg\" class=\"attachment-movedo-grve-fullscreen size-movedo-grve-fullscreen\" alt=\"\" loading=\"lazy\" srcset=\"https:\/\/planimolde.pt\/wp-content\/uploads\/2020\/06\/DeclaracaoConformidade_UE_Viseira_VPI.jpg 1000w, https:\/\/planimolde.pt\/wp-content\/uploads\/2020\/06\/DeclaracaoConformidade_UE_Viseira_VPI-212x300.jpg 212w, https:\/\/planimolde.pt\/wp-content\/uploads\/2020\/06\/DeclaracaoConformidade_UE_Viseira_VPI-724x1024.jpg 724w, https:\/\/planimolde.pt\/wp-content\/uploads\/2020\/06\/DeclaracaoConformidade_UE_Viseira_VPI-768x1087.jpg 768w, https:\/\/planimolde.pt\/wp-content\/uploads\/2020\/06\/DeclaracaoConformidade_UE_Viseira_VPI-600x849.jpg 600w\" sizes=\"(max-width: 1000px) 100vw, 1000px\" \/><\/div>  <\/figure><\/div><div class=\"grve-slider-item grve-hover-item grve-hover-style-none\">  <figure class=\"grve-image-hover grve-zoom-none\">    <a class=\"grve-item-url\" href=\"https:\/\/planimolde.pt\/wp-content\/uploads\/2025\/02\/Certificado-ISO9001_EN_FR_2025.png\" ><\/a><div class=\"grve-media\"><img width=\"1358\" height=\"1920\" src=\"https:\/\/planimolde.pt\/wp-content\/uploads\/2025\/02\/Certificado-ISO9001_EN_FR_2025-1358x1920.png\" class=\"attachment-movedo-grve-fullscreen size-movedo-grve-fullscreen\" alt=\"Certificado ISO9001 EN FR 2025\" loading=\"lazy\" srcset=\"https:\/\/planimolde.pt\/wp-content\/uploads\/2025\/02\/Certificado-ISO9001_EN_FR_2025-1358x1920.png 1358w, https:\/\/planimolde.pt\/wp-content\/uploads\/2025\/02\/Certificado-ISO9001_EN_FR_2025-212x300.png 212w, https:\/\/planimolde.pt\/wp-content\/uploads\/2025\/02\/Certificado-ISO9001_EN_FR_2025-724x1024.png 724w, https:\/\/planimolde.pt\/wp-content\/uploads\/2025\/02\/Certificado-ISO9001_EN_FR_2025-768x1086.png 768w, https:\/\/planimolde.pt\/wp-content\/uploads\/2025\/02\/Certificado-ISO9001_EN_FR_2025-1087x1536.png 1087w, https:\/\/planimolde.pt\/wp-content\/uploads\/2025\/02\/Certificado-ISO9001_EN_FR_2025-1449x2048.png 1449w, https:\/\/planimolde.pt\/wp-content\/uploads\/2025\/02\/Certificado-ISO9001_EN_FR_2025.png 1654w\" sizes=\"(max-width: 1358px) 100vw, 1358px\" \/><\/div>  <\/figure><\/div>\t<\/div>  <\/div><\/div>[\/vc_column][vc_column width=\u00a0\u00bb2\/3&Prime;][vc_custom_heading text=\u00a0\u00bbPLANIMOLDE con\u00e7oit la QUALIT\u00c9 comme une philosophie d\u2019entreprise qui repose sur 4 principes fondamentaux, ad\u00e9quats au contexte de l\u2019organisation et de support \u00e0 son orientation strat\u00e9gique, ce qui nous a permis avoir une croissance stable au cours de plus de quatre d\u00e9cennies d&rsquo;existence:\u00a0\u00bb font_container=\u00a0\u00bbtag:h2|text_align:left|color:%23727272&Prime; google_fonts=\u00a0\u00bbfont_family:Open%20Sans%3A300%2C300italic%2Cregular%2Citalic%2C600%2C600italic%2C700%2C700italic%2C800%2C800italic|font_style:800%20bold%20regular%3A800%3Anormal\u00a0\u00bb][vc_row_inner css=\u00a0\u00bb.vc_custom_1590570453346{margin-bottom: 0px !important;}\u00a0\u00bb][vc_column_inner width=\u00a0\u00bb1\/2&Prime;]<div class=\"grve-empty-space grve-height-2x\" style=\"\"><\/div>[vc_custom_heading text=\u00a0\u00bbParier sur l&rsquo;innovation\u00a0\u00bb font_container=\u00a0\u00bbtag:h2|text_align:left|color:%23b40a26&Prime; google_fonts=\u00a0\u00bbfont_family:Open%20Sans%3A300%2C300italic%2Cregular%2Citalic%2C600%2C600italic%2C700%2C700italic%2C800%2C800italic|font_style:800%20bold%20regular%3A800%3Anormal\u00a0\u00bb][vc_column_text]Comme un pari clair sur l\u2019Innovation, PLANIMOLDE a comme politique le d\u00e9veloppement de nouveaux secteurs d\u2019activit\u00e9, la conception et le d\u00e9veloppement de produits propres pour production et l\u2019abordage de nouveaux clients et de nouveaux march\u00e9s. PLANIMOLDE s\u2019assume comme un partenaire de confiance pour travailler sur des projets diff\u00e9renciateurs et pour cr\u00e9er une strat\u00e9gie commerciale qui favorise et souligne ses capacit\u00e9s.[\/vc_column_text][\/vc_column_inner][vc_column_inner width=\u00a0\u00bb1\/2&Prime;]<div class=\"grve-empty-space grve-height-2x\" style=\"\"><\/div>[vc_custom_heading text=\u00a0\u00bbAugmenter la qualit\u00e9 et la diversit\u00e9 (des produits et services fournis)\u00a0\u00bb font_container=\u00a0\u00bbtag:h2|text_align:left|color:%23b40a26&Prime; google_fonts=\u00a0\u00bbfont_family:Open%20Sans%3A300%2C300italic%2Cregular%2Citalic%2C600%2C600italic%2C700%2C700italic%2C800%2C800italic|font_style:800%20bold%20regular%3A800%3Anormal\u00a0\u00bb][vc_column_text]Dans une perspective d\u2019am\u00e9lioration continue de la satisfaction de ses clients et des restantes parties int\u00e9ress\u00e9es, PLANIMOLDE pr\u00e9tend continuer \u00e0 augmenter la gamme de produits et services disponibles, comme un constant incr\u00e9ment de son niveau de qualit\u00e9.[\/vc_column_text][\/vc_column_inner][\/vc_row_inner][vc_row_inner][vc_column_inner width=\u00a0\u00bb1\/2&Prime;]<div class=\"grve-empty-space grve-height-2x\" style=\"\"><\/div>[vc_custom_heading text=\u00a0\u00bbAm\u00e9liorer continuellement le syst\u00e8me de gestion\u00a0\u00bb font_container=\u00a0\u00bbtag:h2|text_align:left|color:%23b40a26&Prime; google_fonts=\u00a0\u00bbfont_family:Open%20Sans%3A300%2C300italic%2Cregular%2Citalic%2C600%2C600italic%2C700%2C700italic%2C800%2C800italic|font_style:800%20bold%20regular%3A800%3Anormal\u00a0\u00bb][vc_column_text]PLANIMOLDE s\u2019engage \u00e0 am\u00e9liorer et suivre le fonctionnement du Syst\u00e8me de Gestion, bas\u00e9 sur la norme NP EN ISO 9001, de fa\u00e7on \u00e0 garantir le respect des objectifs de la qualit\u00e9 dans une perspective d\u2019am\u00e9lioration continue.<br \/>\nL\u2019Administration de PLANIMOLDE approuve et soutient int\u00e9gralement cette Politique de Qualit\u00e9, s\u2019obligeant ainsi \u00e0 respecter toutes les exigences de la norme ISO 9001 :2015, des clients, des restantes parties int\u00e9ress\u00e9es et des dispositions statutaires ou r\u00e8glementaires applicables.[\/vc_column_text][\/vc_column_inner][vc_column_inner width=\u00a0\u00bb1\/2&Prime;]<div class=\"grve-empty-space grve-height-2x\" style=\"\"><\/div>[vc_custom_heading text=\u00a0\u00bbAm\u00e9liorer la rentabilit\u00e9\u00a0\u00bb font_container=\u00a0\u00bbtag:h2|text_align:left|color:%23b40a26&Prime; google_fonts=\u00a0\u00bbfont_family:Open%20Sans%3A300%2C300italic%2Cregular%2Citalic%2C600%2C600italic%2C700%2C700italic%2C800%2C800italic|font_style:800%20bold%20regular%3A800%3Anormal\u00a0\u00bb][vc_column_text]L\u2019image cr\u00e9e face au March\u00e9 en g\u00e9n\u00e9ral et face aux Clients en particulier, implique des obligations accrues pour PLANIMOLDE, rendant indispensable l\u2019am\u00e9lioration permanente de la productivit\u00e9 de la soci\u00e9t\u00e9, la normalisation de pi\u00e8ces et de proc\u00e8s, la QUALIT\u00c9 des m\u00e9thodologies et de l\u2019\u00e9quipement acquis, qu\u2019il soit de la production ou du contr\u00f4le de qualit\u00e9, compl\u00e9t\u00e9e avec une planification efficace et avec des collaborateurs hautement motiv\u00e9s et comp\u00e9tents. L\u2019am\u00e9lioration continue de la Productivit\u00e9 est la garantie de la satisfaction et de la fid\u00e9lisation du Client.[\/vc_column_text][\/vc_column_inner][\/vc_row_inner][\/vc_column][\/vc_row][vc_row][vc_column]<div class=\"grve-empty-space grve-height-4x\" style=\"\"><\/div>[\/vc_column][\/vc_row]<\/p>","protected":false},"excerpt":{"rendered":"<p>Lorem ipsum dolor sit amet, fierent invidunt eleifend an sea, sea at nonumes deserunt, cum in dictas maiorum consequat. Legere delicata sea eu, vix ei blandit forensibus. Ne qui posse munere molestiae, no has stet dolorum.<\/p>\n","protected":false},"author":1,"featured_media":0,"parent":0,"menu_order":0,"comment_status":"closed","ping_status":"closed","template":"","meta":[],"_links":{"self":[{"href":"https:\/\/planimolde.pt\/fr\/wp-json\/wp\/v2\/pages\/17655"}],"collection":[{"href":"https:\/\/planimolde.pt\/fr\/wp-json\/wp\/v2\/pages"}],"about":[{"href":"https:\/\/planimolde.pt\/fr\/wp-json\/wp\/v2\/types\/page"}],"author":[{"embeddable":true,"href":"https:\/\/planimolde.pt\/fr\/wp-json\/wp\/v2\/users\/1"}],"replies":[{"embeddable":true,"href":"https:\/\/planimolde.pt\/fr\/wp-json\/wp\/v2\/comments?post=17655"}],"version-history":[{"count":95,"href":"https:\/\/planimolde.pt\/fr\/wp-json\/wp\/v2\/pages\/17655\/revisions"}],"predecessor-version":[{"id":19084,"href":"https:\/\/planimolde.pt\/fr\/wp-json\/wp\/v2\/pages\/17655\/revisions\/19084"}],"wp:attachment":[{"href":"https:\/\/planimolde.pt\/fr\/wp-json\/wp\/v2\/media?parent=17655"}],"curies":[{"name":"wp","href":"https:\/\/api.w.org\/{rel}","templated":true}]}}