{"id":16626,"date":"2020-05-12T13:41:47","date_gmt":"2020-05-12T13:41:47","guid":{"rendered":"http:\/\/planimolde.younik.pt\/?page_id=16626"},"modified":"2020-10-29T11:36:26","modified_gmt":"2020-10-29T11:36:26","slug":"mucell-injection","status":"publish","type":"page","link":"https:\/\/planimolde.pt\/fr\/mucell-injection\/","title":{"rendered":"Injection Mucell"},"content":{"rendered":"<p>[vc_row section_full_height=\u00a0\u00bbfullheight\u00a0\u00bb bg_type=\u00a0\u00bbimage\u00a0\u00bb bg_image=\u00a0\u00bb16334&Prime; bg_image_size=\u00a0\u00bbresponsive\u00a0\u00bb padding_top_multiplier=\u00a0\u00bb3x\u00a0\u00bb padding_bottom_multiplier=\u00a0\u00bb3x\u00a0\u00bb columns_gap=\u00a0\u00bb60&Prime; equal_column_height=\u00a0\u00bbmiddle-content\u00a0\u00bb el_class=\u00a0\u00bbfullscreen_with_reveal_slider\u00a0\u00bb][vc_column vertical_content_position=\u00a0\u00bbmiddle\u00a0\u00bb css=\u00a0\u00bb.vc_custom_1588924659911{margin-top: 0px !important;margin-bottom: 0px !important;padding-top: 0px !important;padding-bottom: 0px !important;}\u00a0\u00bb][vc_row_inner el_class=\u00a0\u00bbvertical-center\u00a0\u00bb][vc_column_inner width=\u00a0\u00bb1\/4&Prime;][vc_column_text]<\/p>\n<p style=\"color: #aaaaaa;\">Les moules pour l&rsquo;injection de \u00abmucell\u00bb sont des moules avec des caract\u00e9ristiques sp\u00e9cifiques, d\u00e8s leur conception jusqu\u2019au processus d&rsquo;injection.<\/p>\n<p>[\/vc_column_text][\/vc_column_inner][vc_column_inner width=\u00a0\u00bb1\/2&Prime;]\r\n\t\t<div\r\n\t\t\tclass=\"twentytwenty-container wb_vc_baic_container\"\r\n\t\t\tid=\"wb_before_after_3_1775256607\"\r\n\t\t\tdata-before-text = \"Before\"\r\n\t\t\tdata-after-text = \"After\"\r\n\t\t>\r\n\t\t\t<img width=\"768\" height=\"568\" src=\"https:\/\/planimolde.pt\/wp-content\/uploads\/2020\/10\/Injeccao-Mucell-min-768x568.png\" class=\"attachment-medium_large size-medium_large\" alt=\"\" loading=\"lazy\" srcset=\"https:\/\/planimolde.pt\/wp-content\/uploads\/2020\/10\/Injeccao-Mucell-min-768x568.png 768w, https:\/\/planimolde.pt\/wp-content\/uploads\/2020\/10\/Injeccao-Mucell-min-300x222.png 300w, https:\/\/planimolde.pt\/wp-content\/uploads\/2020\/10\/Injeccao-Mucell-min.png 1000w\" sizes=\"(max-width: 768px) 100vw, 768px\" \/>\t\t\t<img width=\"768\" height=\"568\" src=\"https:\/\/planimolde.pt\/wp-content\/uploads\/2020\/10\/Injeccao-Mucell-produto-min-768x568.png\" class=\"attachment-medium_large size-medium_large\" alt=\"\" loading=\"lazy\" srcset=\"https:\/\/planimolde.pt\/wp-content\/uploads\/2020\/10\/Injeccao-Mucell-produto-min-768x568.png 768w, https:\/\/planimolde.pt\/wp-content\/uploads\/2020\/10\/Injeccao-Mucell-produto-min-300x222.png 300w, https:\/\/planimolde.pt\/wp-content\/uploads\/2020\/10\/Injeccao-Mucell-produto-min.png 1000w\" sizes=\"(max-width: 768px) 100vw, 768px\" \/>\t\t<\/div>\r\n<!--  -->\r\n[\/vc_column_inner][vc_column_inner width=\u00a0\u00bb1\/4&Prime;][vc_column_text]<\/p>\n<p style=\"color: #aaaaaa;\">Dans nos moules pour \u00abmucell\u00bb, nous prenons en compte le comportement de ce mat\u00e9riau. Nous r\u00e9alisons des analyses de remplissage pr\u00e9alables (Mold-Flow) en consid\u00e9rant la compensation de d\u00e9formation et en appliquant la contre-d\u00e9formation n\u00e9cessaire dans la fabrication du moule pour obtenir une pi\u00e8ce mucell parfaite.<\/p>\n<p>[\/vc_column_text][\/vc_column_inner][\/vc_row_inner]<div class=\"grve-empty-space grve-height-1x\" style=\"\"><\/div>[vc_widget_sidebar sidebar_id=\u00a0\u00bbmovedo_grve_sidebar_5ebaa72da96d3&Prime; el_class=\u00a0\u00bbsubmenu_tecnologias\u00a0\u00bb]<div class=\"grve-empty-space grve-height-2x\" style=\"\"><\/div>[\/vc_column][\/vc_row]<\/p>","protected":false},"excerpt":{"rendered":"<p>Eum an docendi expetendis. Nam iudico tollit periculis eu. No quo detraxit ocurreret, prima neglegentur ut pro. Ut cum nobis ornatus.<\/p>\n","protected":false},"author":1,"featured_media":0,"parent":0,"menu_order":0,"comment_status":"closed","ping_status":"closed","template":"","meta":[],"_links":{"self":[{"href":"https:\/\/planimolde.pt\/fr\/wp-json\/wp\/v2\/pages\/16626"}],"collection":[{"href":"https:\/\/planimolde.pt\/fr\/wp-json\/wp\/v2\/pages"}],"about":[{"href":"https:\/\/planimolde.pt\/fr\/wp-json\/wp\/v2\/types\/page"}],"author":[{"embeddable":true,"href":"https:\/\/planimolde.pt\/fr\/wp-json\/wp\/v2\/users\/1"}],"replies":[{"embeddable":true,"href":"https:\/\/planimolde.pt\/fr\/wp-json\/wp\/v2\/comments?post=16626"}],"version-history":[{"count":20,"href":"https:\/\/planimolde.pt\/fr\/wp-json\/wp\/v2\/pages\/16626\/revisions"}],"predecessor-version":[{"id":18574,"href":"https:\/\/planimolde.pt\/fr\/wp-json\/wp\/v2\/pages\/16626\/revisions\/18574"}],"wp:attachment":[{"href":"https:\/\/planimolde.pt\/fr\/wp-json\/wp\/v2\/media?parent=16626"}],"curies":[{"name":"wp","href":"https:\/\/api.w.org\/{rel}","templated":true}]}}