{"id":16314,"date":"2020-05-07T14:34:11","date_gmt":"2020-05-07T14:34:11","guid":{"rendered":"http:\/\/planimolde.younik.pt\/?page_id=16314"},"modified":"2020-11-16T10:28:07","modified_gmt":"2020-11-16T10:28:07","slug":"multi-cavity-tools","status":"publish","type":"page","link":"https:\/\/planimolde.pt\/fr\/multi-cavity-tools\/","title":{"rendered":"Multi-Empreintes"},"content":{"rendered":"<p>[vc_row section_full_height=\u00a0\u00bbfullheight\u00a0\u00bb bg_type=\u00a0\u00bbimage\u00a0\u00bb bg_image=\u00a0\u00bb16334&Prime; bg_image_size=\u00a0\u00bbresponsive\u00a0\u00bb padding_top_multiplier=\u00a0\u00bb3x\u00a0\u00bb padding_bottom_multiplier=\u00a0\u00bb3x\u00a0\u00bb columns_gap=\u00a0\u00bb60&Prime; equal_column_height=\u00a0\u00bbmiddle-content\u00a0\u00bb el_class=\u00a0\u00bbfullscreen_with_reveal_slider\u00a0\u00bb][vc_column vertical_content_position=\u00a0\u00bbmiddle\u00a0\u00bb css=\u00a0\u00bb.vc_custom_1588924659911{margin-top: 0px !important;margin-bottom: 0px !important;padding-top: 0px !important;padding-bottom: 0px !important;}\u00a0\u00bb][vc_row_inner el_class=\u00a0\u00bbvertical-center\u00a0\u00bb][vc_column_inner width=\u00a0\u00bb1\/4&Prime;][vc_column_text]<\/p>\n<p style=\"color: #aaaaaa;\">Des moules multi-empreintes pour une meilleure rentabilit\u00e9 de production: en quelques secondes, nous pouvons produire des dizaines de pi\u00e8ces, \u00e9tant indiqu\u00e9es pour de gros volumes de production.<\/p>\n<p>[\/vc_column_text][\/vc_column_inner][vc_column_inner width=\u00a0\u00bb1\/2&Prime;]\r\n\t\t<div\r\n\t\t\tclass=\"twentytwenty-container wb_vc_baic_container\"\r\n\t\t\tid=\"wb_before_after_3_1776024337\"\r\n\t\t\tdata-before-text = \"Before\"\r\n\t\t\tdata-after-text = \"After\"\r\n\t\t>\r\n\t\t\t<img width=\"768\" height=\"568\" src=\"https:\/\/planimolde.pt\/wp-content\/uploads\/2020\/07\/YK_Multicavities_MOLDE-min-768x568.png\" class=\"attachment-medium_large size-medium_large\" alt=\"\" loading=\"lazy\" srcset=\"https:\/\/planimolde.pt\/wp-content\/uploads\/2020\/07\/YK_Multicavities_MOLDE-min-768x568.png 768w, https:\/\/planimolde.pt\/wp-content\/uploads\/2020\/07\/YK_Multicavities_MOLDE-min-300x222.png 300w, https:\/\/planimolde.pt\/wp-content\/uploads\/2020\/07\/YK_Multicavities_MOLDE-min.png 1000w\" sizes=\"(max-width: 768px) 100vw, 768px\" \/>\t\t\t<img width=\"768\" height=\"568\" src=\"https:\/\/planimolde.pt\/wp-content\/uploads\/2020\/07\/YK_Multicavities_PECA-minn-768x568.png\" class=\"attachment-medium_large size-medium_large\" alt=\"\" loading=\"lazy\" srcset=\"https:\/\/planimolde.pt\/wp-content\/uploads\/2020\/07\/YK_Multicavities_PECA-minn-768x568.png 768w, https:\/\/planimolde.pt\/wp-content\/uploads\/2020\/07\/YK_Multicavities_PECA-minn-300x222.png 300w, https:\/\/planimolde.pt\/wp-content\/uploads\/2020\/07\/YK_Multicavities_PECA-minn.png 1000w\" sizes=\"(max-width: 768px) 100vw, 768px\" \/>\t\t<\/div>\r\n<!--  -->\r\n[\/vc_column_inner][vc_column_inner width=\u00a0\u00bb1\/4&Prime;][vc_column_text]<\/p>\n<p style=\"color: #aaaaaa;\">Nous fabriquons des moules multi-empreintes pour diff\u00e9rents types d&rsquo;industries, d\u00e8s l\u2019industrie de l&rsquo;alimentation au m\u00e9dical, en passant par l&rsquo;\u00e9lectrique, l&#8217;emballage et autres. Dans ces moules, nous avons d\u00e9j\u00e0 appliqu\u00e9 des syst\u00e8mes de d\u00e9vissage automatique, soit par actionnement hydraulique, soit avec un servomoteur, permettant une interaction entre le moule et la machine d&rsquo;injection.<br \/>\nNotre exp\u00e9rience comprend \u00e9galement des moules bi-mati\u00e8re multi-empreintes, certains avec syst\u00e8me KO rotatif index\u00e9, permettant, avec moins empreintes, optimiser le cycle du moule.<\/p>\n<p>[\/vc_column_text][\/vc_column_inner][\/vc_row_inner]<div class=\"grve-empty-space grve-height-1x\" style=\"\"><\/div>[vc_widget_sidebar sidebar_id=\u00a0\u00bbmovedo_grve_sidebar_5ebaa72da96d3&Prime; el_class=\u00a0\u00bbsubmenu_tecnologias\u00a0\u00bb]<div class=\"grve-empty-space grve-height-2x\" style=\"\"><\/div>[\/vc_column][\/vc_row]<\/p>","protected":false},"excerpt":{"rendered":"<p>Eum an docendi expetendis. Nam iudico tollit periculis eu. No quo detraxit ocurreret, prima neglegentur ut pro. Ut cum nobis ornatus.<\/p>\n","protected":false},"author":1,"featured_media":0,"parent":0,"menu_order":0,"comment_status":"closed","ping_status":"closed","template":"","meta":[],"_links":{"self":[{"href":"https:\/\/planimolde.pt\/fr\/wp-json\/wp\/v2\/pages\/16314"}],"collection":[{"href":"https:\/\/planimolde.pt\/fr\/wp-json\/wp\/v2\/pages"}],"about":[{"href":"https:\/\/planimolde.pt\/fr\/wp-json\/wp\/v2\/types\/page"}],"author":[{"embeddable":true,"href":"https:\/\/planimolde.pt\/fr\/wp-json\/wp\/v2\/users\/1"}],"replies":[{"embeddable":true,"href":"https:\/\/planimolde.pt\/fr\/wp-json\/wp\/v2\/comments?post=16314"}],"version-history":[{"count":91,"href":"https:\/\/planimolde.pt\/fr\/wp-json\/wp\/v2\/pages\/16314\/revisions"}],"predecessor-version":[{"id":18690,"href":"https:\/\/planimolde.pt\/fr\/wp-json\/wp\/v2\/pages\/16314\/revisions\/18690"}],"wp:attachment":[{"href":"https:\/\/planimolde.pt\/fr\/wp-json\/wp\/v2\/media?parent=16314"}],"curies":[{"name":"wp","href":"https:\/\/api.w.org\/{rel}","templated":true}]}}