{"id":17655,"date":"2020-05-26T10:24:02","date_gmt":"2020-05-26T10:24:02","guid":{"rendered":"http:\/\/planimolde.younik.pt\/?page_id=17655"},"modified":"2025-02-18T15:39:25","modified_gmt":"2025-02-18T15:39:25","slug":"quality","status":"publish","type":"page","link":"https:\/\/planimolde.pt\/es\/quality\/","title":{"rendered":"Calidad"},"content":{"rendered":"<p>[vc_row heading_color=\u00bblight\u00bb bg_type=\u00bbimage\u00bb bg_image=\u00bb16847&#8243; color_overlay=\u00bbdark\u00bb opacity_overlay=\u00bb30&#8243; padding_top_multiplier=\u00bbcustom\u00bb padding_bottom_multiplier=\u00bbcustom\u00bb separator_bottom=\u00bbtilt-right-separator\u00bb parallax_sensor=\u00bb350&#8243; font_color=\u00bb#ffffff\u00bb padding_top=\u00bb8%\u00bb padding_bottom=\u00bb8%\u00bb][vc_column][vc_custom_heading text=\u00bbCalidad\u00bb font_container=\u00bbtag:h1|text_align:center|color:%23ffffff\u00bb google_fonts=\u00bbfont_family:Open%20Sans%3A300%2C300italic%2Cregular%2Citalic%2C600%2C600italic%2C700%2C700italic%2C800%2C800italic|font_style:800%20bold%20regular%3A800%3Anormal\u00bb css=\u00bb.vc_custom_1603900927557{padding-bottom: 50px !important;}\u00bb][\/vc_column][\/vc_row][vc_row][vc_column]<div class=\"grve-empty-space grve-height-2x\" style=\"\"><\/div>[\/vc_column][\/vc_row][vc_row columns_gap=\u00bb60&#8243;][vc_column width=\u00bb1\/3&#8243;]<div class=\"grve-element grve-slider grve-layout-1 grve-gallery-popup\"  style=\" \">  <div class=\"grve-carousel-wrapper\"><div class=\"grve-carousel-navigation grve-dark grve-navigation-1 grve-navigation-default\">\t<div class=\"grve-carousel-buttons\">\t\t<div class=\"grve-carousel-prev\">\t\t\t<i class=\"grve-icon-nav-left-small\"><\/i>\t\t<\/div>\t\t<div class=\"grve-carousel-next\">\t\t\t<i class=\"grve-icon-nav-right-small\"><\/i>\t\t<\/div>\t<\/div><\/div><div class=\"grve-slider-element owl-carousel grve-theme\" data-slider-speed=\"4000\" data-slider-pause=\"yes\" data-slider-autoplay=\"yes\" data-slider-loop=\"yes\" data-slider-transition=\"slide\" data-slider-autoheight=\"no\" data-pagination=\"no\"><div class=\"grve-slider-item grve-hover-item grve-hover-style-none\">  <figure class=\"grve-image-hover grve-zoom-none\">    <a class=\"grve-item-url\" href=\"https:\/\/planimolde.pt\/wp-content\/uploads\/2020\/05\/Declaracao-de-Conformidade-Assinada.jpg\" ><\/a><div class=\"grve-media\"><img width=\"1357\" height=\"1920\" src=\"https:\/\/planimolde.pt\/wp-content\/uploads\/2020\/05\/Declaracao-de-Conformidade-Assinada-1357x1920.jpg\" class=\"attachment-movedo-grve-fullscreen size-movedo-grve-fullscreen\" alt=\"\" loading=\"lazy\" srcset=\"https:\/\/planimolde.pt\/wp-content\/uploads\/2020\/05\/Declaracao-de-Conformidade-Assinada-1357x1920.jpg 1357w, https:\/\/planimolde.pt\/wp-content\/uploads\/2020\/05\/Declaracao-de-Conformidade-Assinada-212x300.jpg 212w, https:\/\/planimolde.pt\/wp-content\/uploads\/2020\/05\/Declaracao-de-Conformidade-Assinada-724x1024.jpg 724w, https:\/\/planimolde.pt\/wp-content\/uploads\/2020\/05\/Declaracao-de-Conformidade-Assinada-768x1086.jpg 768w, https:\/\/planimolde.pt\/wp-content\/uploads\/2020\/05\/Declaracao-de-Conformidade-Assinada-1086x1536.jpg 1086w, https:\/\/planimolde.pt\/wp-content\/uploads\/2020\/05\/Declaracao-de-Conformidade-Assinada-1448x2048.jpg 1448w, https:\/\/planimolde.pt\/wp-content\/uploads\/2020\/05\/Declaracao-de-Conformidade-Assinada-600x849.jpg 600w, https:\/\/planimolde.pt\/wp-content\/uploads\/2020\/05\/Declaracao-de-Conformidade-Assinada.jpg 1653w\" sizes=\"(max-width: 1357px) 100vw, 1357px\" \/><\/div>  <\/figure><\/div><div class=\"grve-slider-item grve-hover-item grve-hover-style-none\">  <figure class=\"grve-image-hover grve-zoom-none\">    <a class=\"grve-item-url\" href=\"https:\/\/planimolde.pt\/wp-content\/uploads\/2020\/06\/DeclaracaoConformidade_UE_Viseira_VPI.jpg\" ><\/a><div class=\"grve-media\"><img width=\"1000\" height=\"1415\" src=\"https:\/\/planimolde.pt\/wp-content\/uploads\/2020\/06\/DeclaracaoConformidade_UE_Viseira_VPI.jpg\" class=\"attachment-movedo-grve-fullscreen size-movedo-grve-fullscreen\" alt=\"\" loading=\"lazy\" srcset=\"https:\/\/planimolde.pt\/wp-content\/uploads\/2020\/06\/DeclaracaoConformidade_UE_Viseira_VPI.jpg 1000w, https:\/\/planimolde.pt\/wp-content\/uploads\/2020\/06\/DeclaracaoConformidade_UE_Viseira_VPI-212x300.jpg 212w, https:\/\/planimolde.pt\/wp-content\/uploads\/2020\/06\/DeclaracaoConformidade_UE_Viseira_VPI-724x1024.jpg 724w, https:\/\/planimolde.pt\/wp-content\/uploads\/2020\/06\/DeclaracaoConformidade_UE_Viseira_VPI-768x1087.jpg 768w, https:\/\/planimolde.pt\/wp-content\/uploads\/2020\/06\/DeclaracaoConformidade_UE_Viseira_VPI-600x849.jpg 600w\" sizes=\"(max-width: 1000px) 100vw, 1000px\" \/><\/div>  <\/figure><\/div><div class=\"grve-slider-item grve-hover-item grve-hover-style-none\">  <figure class=\"grve-image-hover grve-zoom-none\">    <a class=\"grve-item-url\" href=\"https:\/\/planimolde.pt\/wp-content\/uploads\/2025\/02\/Certificado-ISO9001_EN_ES_2025.png\" ><\/a><div class=\"grve-media\"><img width=\"1358\" height=\"1920\" src=\"https:\/\/planimolde.pt\/wp-content\/uploads\/2025\/02\/Certificado-ISO9001_EN_ES_2025-1358x1920.png\" class=\"attachment-movedo-grve-fullscreen size-movedo-grve-fullscreen\" alt=\"Certificado ISO9001 EN ES 2025\" loading=\"lazy\" srcset=\"https:\/\/planimolde.pt\/wp-content\/uploads\/2025\/02\/Certificado-ISO9001_EN_ES_2025-1358x1920.png 1358w, https:\/\/planimolde.pt\/wp-content\/uploads\/2025\/02\/Certificado-ISO9001_EN_ES_2025-212x300.png 212w, https:\/\/planimolde.pt\/wp-content\/uploads\/2025\/02\/Certificado-ISO9001_EN_ES_2025-724x1024.png 724w, https:\/\/planimolde.pt\/wp-content\/uploads\/2025\/02\/Certificado-ISO9001_EN_ES_2025-768x1086.png 768w, https:\/\/planimolde.pt\/wp-content\/uploads\/2025\/02\/Certificado-ISO9001_EN_ES_2025-1087x1536.png 1087w, https:\/\/planimolde.pt\/wp-content\/uploads\/2025\/02\/Certificado-ISO9001_EN_ES_2025-1449x2048.png 1449w, https:\/\/planimolde.pt\/wp-content\/uploads\/2025\/02\/Certificado-ISO9001_EN_ES_2025.png 1654w\" sizes=\"(max-width: 1358px) 100vw, 1358px\" \/><\/div>  <\/figure><\/div>\t<\/div>  <\/div><\/div>[\/vc_column][vc_column width=\u00bb2\/3&#8243;][vc_custom_heading text=\u00bbPLANIMOLDE entiende la CALIDAD como una filosof\u00eda de empresa basada en 4 principios fundamentales, adecuados al contexto de la organizaci\u00f3n y de soporte a nuestra orientaci\u00f3n estrat\u00e9gica, que nos ha permitido un crecimiento estable a lo largo de m\u00e1s de cuatro d\u00e9cadas de existencia.\u00bb font_container=\u00bbtag:h2|text_align:left|color:%23727272&#8243; google_fonts=\u00bbfont_family:Open%20Sans%3A300%2C300italic%2Cregular%2Citalic%2C600%2C600italic%2C700%2C700italic%2C800%2C800italic|font_style:800%20bold%20regular%3A800%3Anormal\u00bb][vc_row_inner css=\u00bb.vc_custom_1590570453346{margin-bottom: 0px !important;}\u00bb][vc_column_inner width=\u00bb1\/2&#8243;]<div class=\"grve-empty-space grve-height-2x\" style=\"\"><\/div>[vc_custom_heading text=\u00bbApostar en la inovaci\u00f3n\u00bb font_container=\u00bbtag:h2|text_align:left|color:%23b40a26&#8243; google_fonts=\u00bbfont_family:Open%20Sans%3A300%2C300italic%2Cregular%2Citalic%2C600%2C600italic%2C700%2C700italic%2C800%2C800italic|font_style:800%20bold%20regular%3A800%3Anormal\u00bb][vc_column_text]En una apuesta clara de innovaci\u00f3n, es pol\u00edtica de PLANIMOLDE el desarrollo de nuevas \u00e1reas de negocio, concepci\u00f3n y desarrollo de productos propios para producci\u00f3n y enfoque de nuevos clientes y nuevos mercados. PLANIMOLDE asume tener la capacidad para tener una alianza en proyectos diferenciados y criar una estrategia comercial para promover y evidenciar esas capacidades.[\/vc_column_text][\/vc_column_inner][vc_column_inner width=\u00bb1\/2&#8243;]<div class=\"grve-empty-space grve-height-2x\" style=\"\"><\/div>[vc_custom_heading text=\u00bbAumentar la calidad y diversidad (de los productos y servicios prestados)\u00bb font_container=\u00bbtag:h2|text_align:left|color:%23b40a26&#8243; google_fonts=\u00bbfont_family:Open%20Sans%3A300%2C300italic%2Cregular%2Citalic%2C600%2C600italic%2C700%2C700italic%2C800%2C800italic|font_style:800%20bold%20regular%3A800%3Anormal\u00bb][vc_column_text]En una perspectiva de mejora continua de la satisfacci\u00f3n de los clientes y restantes partes interesadas, PLANIMOLDE pretende continuar a aumentar los productos y servicios disponibles, con un constante incremento de su nivel de calidad.[\/vc_column_text][\/vc_column_inner][\/vc_row_inner][vc_row_inner][vc_column_inner width=\u00bb1\/2&#8243;]<div class=\"grve-empty-space grve-height-2x\" style=\"\"><\/div>[vc_custom_heading text=\u00bbMejora continua del sistema de gesti\u00f3n\u00bb font_container=\u00bbtag:h2|text_align:left|color:%23b40a26&#8243; google_fonts=\u00bbfont_family:Open%20Sans%3A300%2C300italic%2Cregular%2Citalic%2C600%2C600italic%2C700%2C700italic%2C800%2C800italic|font_style:800%20bold%20regular%3A800%3Anormal\u00bb][vc_column_text]PLANIMOLDE se compromete a mejorar y monitorizar el funcionamiento del Sistema de Gesti\u00f3n, basada en la norma NP EN ISO 9001, por forma a garantizar el cumplimento de los objetivos de la calidad en una perspectiva de mejora continua.<\/p>\n<p>La Administraci\u00f3n de PLANIMOLDE aprueba y apoya \u00edntegramente esta Pol\u00edtica de Calidad, comprometi\u00e9ndose as\u00ed a cumplir con los requisitos de la norma ISO 9001: 2015, de los clientes, de las dem\u00e1s partes interesadas y de los requisitos estatutarios o reglamentarios aplicables.[\/vc_column_text][\/vc_column_inner][vc_column_inner width=\u00bb1\/2&#8243;]<div class=\"grve-empty-space grve-height-2x\" style=\"\"><\/div>[vc_custom_heading text=\u00bbMejorar la rentabilidad\u00bb font_container=\u00bbtag:h2|text_align:left|color:%23b40a26&#8243; google_fonts=\u00bbfont_family:Open%20Sans%3A300%2C300italic%2Cregular%2Citalic%2C600%2C600italic%2C700%2C700italic%2C800%2C800italic|font_style:800%20bold%20regular%3A800%3Anormal\u00bb][vc_column_text]La imagen creada ante el Mercado en general, y para los clientes en particular, implica mayores obligaciones a PLANIMOLDE, siendo imprescindible la mejora permanente de la productividad de la empresa, la normalizaci\u00f3n de piezas y procesos, la CALIDAD de las metodolog\u00edas y de equipo adquirido, que sea ello productivo o de controlo de cualidad, complementado con una planificaci\u00f3n eficaz y con colaboradores altamente motivados y competentes. La mejora continua de la Productividad es el garante de la satisfacci\u00f3n y de la fidelizaci\u00f3n de nuestro cliente.[\/vc_column_text][\/vc_column_inner][\/vc_row_inner][\/vc_column][\/vc_row][vc_row][vc_column]<div class=\"grve-empty-space grve-height-4x\" style=\"\"><\/div>[\/vc_column][\/vc_row]<\/p>","protected":false},"excerpt":{"rendered":"<p>Lorem ipsum dolor sit amet, fierent invidunt eleifend an sea, sea at nonumes deserunt, cum in dictas maiorum consequat. Legere delicata sea eu, vix ei blandit forensibus. Ne qui posse munere molestiae, no has stet dolorum.<\/p>\n","protected":false},"author":1,"featured_media":0,"parent":0,"menu_order":0,"comment_status":"closed","ping_status":"closed","template":"","meta":[],"_links":{"self":[{"href":"https:\/\/planimolde.pt\/es\/wp-json\/wp\/v2\/pages\/17655"}],"collection":[{"href":"https:\/\/planimolde.pt\/es\/wp-json\/wp\/v2\/pages"}],"about":[{"href":"https:\/\/planimolde.pt\/es\/wp-json\/wp\/v2\/types\/page"}],"author":[{"embeddable":true,"href":"https:\/\/planimolde.pt\/es\/wp-json\/wp\/v2\/users\/1"}],"replies":[{"embeddable":true,"href":"https:\/\/planimolde.pt\/es\/wp-json\/wp\/v2\/comments?post=17655"}],"version-history":[{"count":95,"href":"https:\/\/planimolde.pt\/es\/wp-json\/wp\/v2\/pages\/17655\/revisions"}],"predecessor-version":[{"id":19084,"href":"https:\/\/planimolde.pt\/es\/wp-json\/wp\/v2\/pages\/17655\/revisions\/19084"}],"wp:attachment":[{"href":"https:\/\/planimolde.pt\/es\/wp-json\/wp\/v2\/media?parent=17655"}],"curies":[{"name":"wp","href":"https:\/\/api.w.org\/{rel}","templated":true}]}}