{"id":17054,"date":"2020-05-13T17:38:07","date_gmt":"2020-05-13T17:38:07","guid":{"rendered":"http:\/\/planimolde.younik.pt\/?page_id=17054"},"modified":"2024-02-01T13:11:11","modified_gmt":"2024-02-01T13:11:11","slug":"contacts","status":"publish","type":"page","link":"https:\/\/planimolde.pt\/es\/contacts\/","title":{"rendered":"Contactos"},"content":{"rendered":"<p>[vc_row heading_color=\u00bblight\u00bb bg_type=\u00bbcolor\u00bb padding_top_multiplier=\u00bbcustom\u00bb padding_bottom_multiplier=\u00bbcustom\u00bb separator_bottom=\u00bbtilt-right-separator\u00bb separator_bottom_color=\u00bb#fafafa\u00bb parallax_sensor=\u00bb350&#8243; font_color=\u00bb#ffffff\u00bb padding_top=\u00bb8%\u00bb padding_bottom=\u00bb8%\u00bb bg_color=\u00bb#b40a26&#8243;][vc_column][vc_custom_heading text=\u00bbValoramos sus<br \/>\ncomentarios\u00bb font_container=\u00bbtag:h1|text_align:left|color:%23ffffff\u00bb google_fonts=\u00bbfont_family:Open%20Sans%3A300%2C300italic%2Cregular%2Citalic%2C600%2C600italic%2C700%2C700italic%2C800%2C800italic|font_style:800%20bold%20regular%3A800%3Anormal\u00bb css=\u00bb.vc_custom_1603903671312{padding-bottom: 50px !important;}\u00bb][\/vc_column][\/vc_row][vc_row bg_type=\u00bbcolor\u00bb padding_top_multiplier=\u00bb6x\u00bb padding_bottom_multiplier=\u00bb6x\u00bb columns_gap=\u00bb40&#8243; parallax_sensor=\u00bb350&#8243; bg_color=\u00bb#f9fafa\u00bb][vc_column column_effect=\u00bbmouse-move-x-y\u00bb width=\u00bb1\/3&#8243; text_align=\u00bbcenter\u00bb el_wrapper_class=\u00bbgrve-drop-shadow\u00bb css=\u00bb.vc_custom_1589444148090{padding-top: 60px !important;padding-right: 30px !important;padding-bottom: 60px !important;padding-left: 30px !important;background-color: #ffffff !important;border-radius: 5px !important;}\u00bb]<div class=\"grve-element grve-single-icon grve-align-center grve-medium\" style=\"\">  <div class=\"grve-wrapper-icon grve-no-shape\" style=\"\"><i class=\"et-icon-map grve-text-primary-1\"><\/i><\/div><\/div><div class=\"grve-empty-space\" style=\"height: 10px;\"><\/div>[vc_custom_heading text=\u00bbDonde Estamos\u00bb font_container=\u00bbtag:h2|text_align:center|color:%23b40a26&#8243; google_fonts=\u00bbfont_family:Open%20Sans%3A300%2C300italic%2Cregular%2Citalic%2C600%2C600italic%2C700%2C700italic%2C800%2C800italic|font_style:800%20bold%20regular%3A800%3Anormal\u00bb][vc_column_text]Rua do Lamar\u00e3o da Embra, Pedrulheira<br \/>\n2430-119 Marinha Grande<br \/>\nPortugal<\/p>\n<p><strong>GPS<\/strong>: N 039\u00ba 44&#8242; 24,7&#8243;, W 008 54&#8242; 40,1&#8243;[\/vc_column_text][\/vc_column][vc_column column_effect=\u00bbmouse-move-x-y\u00bb column_effect_sensitive=\u00bbnormal\u00bb column_effect_limit=\u00bb3x\u00bb width=\u00bb1\/3&#8243; text_align=\u00bbcenter\u00bb el_wrapper_class=\u00bbgrve-drop-shadow\u00bb css=\u00bb.vc_custom_1589444153054{padding-top: 60px !important;padding-right: 30px !important;padding-bottom: 60px !important;padding-left: 30px !important;background-color: #ffffff !important;border-radius: 5px !important;}\u00bb z_index=\u00bb10&#8243;]<div class=\"grve-element grve-single-icon grve-align-center grve-medium\" style=\"\">  <div class=\"grve-wrapper-icon grve-no-shape\" style=\"\"><i class=\"et-icon-clock grve-text-primary-1\"><\/i><\/div><\/div><div class=\"grve-empty-space\" style=\"height: 10px;\"><\/div>[vc_custom_heading text=\u00bbHorario de apertura\u00bb font_container=\u00bbtag:h2|text_align:center|color:%23b40a26&#8243; google_fonts=\u00bbfont_family:Open%20Sans%3A300%2C300italic%2Cregular%2Citalic%2C600%2C600italic%2C700%2C700italic%2C800%2C800italic|font_style:800%20bold%20regular%3A800%3Anormal\u00bb][vc_column_text]<\/p>\n<p style=\"text-align: center;\"><strong>Lunes a Viernes<\/strong><br \/>\n08:30 &#8211; 17:30<\/p>\n<p style=\"text-align: center;\"><strong>S\u00e1bado y Domingo<\/strong><br \/>\nCerrado<\/p>\n<p>[\/vc_column_text][\/vc_column][vc_column column_effect=\u00bbmouse-move-x-y\u00bb width=\u00bb1\/3&#8243; text_align=\u00bbcenter\u00bb el_wrapper_class=\u00bbgrve-drop-shadow\u00bb css=\u00bb.vc_custom_1589444159102{padding-top: 60px !important;padding-right: 30px !important;padding-bottom: 60px !important;padding-left: 30px !important;background-color: #ffffff !important;border-radius: 5px !important;}\u00bb]<div class=\"grve-element grve-single-icon grve-align-center grve-medium\" style=\"\">  <div class=\"grve-wrapper-icon grve-no-shape\" style=\"\"><i class=\"et-icon-envelope grve-text-primary-1\"><\/i><\/div><\/div><div class=\"grve-empty-space\" style=\"height: 10px;\"><\/div>[vc_custom_heading text=\u00bbHabla con nosotros\u00bb font_container=\u00bbtag:h2|text_align:center|color:%23b40a26&#8243; google_fonts=\u00bbfont_family:Open%20Sans%3A300%2C300italic%2Cregular%2Citalic%2C600%2C600italic%2C700%2C700italic%2C800%2C800italic|font_style:800%20bold%20regular%3A800%3Anormal\u00bb][vc_column_text]Clientes: <a href=\"mailto:comercial@planimolde.pt\">comercial@planimolde.pt<\/a><br \/>\nProveedores: <a href=\"mailto:compras@planimolde.pt\">compras@planimolde.pt<\/a><br \/>\nRecursos Humanos: <a href=\"mailto:rh@planimolde.pt\">rh@planimolde.pt<\/a><br \/>\n<strong>Ll\u00e1manos<\/strong> +351 244 574 850<br \/>\n<span style=\"font-size: 12px;\">(Chamada para a rede fixa nacional)<\/span>[\/vc_column_text][\/vc_column][\/vc_row][vc_row section_type=\u00bbfullwidth\u00bb padding_top_multiplier=\u00bb\u00bb padding_bottom_multiplier=\u00bb\u00bb columns_gap=\u00bbnone\u00bb][vc_column][vc_column_text]<iframe style=\"border: 0;\" tabindex=\"0\" src=\"https:\/\/www.google.com\/maps\/embed?pb=!1m18!1m12!1m3!1d3067.9747035952328!2d-8.913817084047007!3d39.740219079449616!2m3!1f0!2f0!3f0!3m2!1i1024!2i768!4f13.1!3m3!1m2!1s0xd220e84c8435f9d%3A0x6ba65f7bf6b43838!2sPLANIMOLDE!5e0!3m2!1spt-PT!2spt!4v1605708548458!5m2!1spt-PT!2spt\" width=\"100%\" height=\"500\" frameborder=\"0\" allowfullscreen=\"allowfullscreen\" aria-hidden=\"false\"><\/iframe>[\/vc_column_text][\/vc_column][\/vc_row][vc_row padding_top_multiplier=\u00bb4x\u00bb padding_bottom_multiplier=\u00bb4x\u00bb][vc_column width=\u00bb1\/4&#8243;][\/vc_column][vc_column width=\u00bb1\/2&#8243;]<h2 class=\"grve-element grve-title grve-align-left grve-h4\" style=\"\"><span>Env\u00ede su mensaje<\/span><\/h2><div role=\"form\" class=\"wpcf7\" id=\"wpcf7-f18515-o5\" lang=\"en-US\" dir=\"ltr\">\n<div class=\"screen-reader-response\"><p role=\"status\" aria-live=\"polite\" aria-atomic=\"true\"><\/p> <ul><\/ul><\/div>\n<form action=\"\/es\/wp-json\/wp\/v2\/pages\/17054#wpcf7-f18515-o5\" method=\"post\" class=\"wpcf7-form init\" novalidate=\"novalidate\" data-status=\"init\">\n<div style=\"display: none;\">\n<input type=\"hidden\" name=\"_wpcf7\" value=\"18515\" \/>\n<input type=\"hidden\" name=\"_wpcf7_version\" value=\"5.3.2\" \/>\n<input type=\"hidden\" name=\"_wpcf7_locale\" value=\"en_US\" \/>\n<input type=\"hidden\" name=\"_wpcf7_unit_tag\" value=\"wpcf7-f18515-o5\" \/>\n<input type=\"hidden\" name=\"_wpcf7_container_post\" value=\"0\" \/>\n<input type=\"hidden\" name=\"_wpcf7_posted_data_hash\" value=\"\" \/>\n<input type=\"hidden\" name=\"_wpcf7_recaptcha_response\" value=\"\" \/>\n<\/div>\n<div class=\"grve-form grve-underline\">\n<div class=\"grve-fields-wrapper\">\n<div><span class=\"wpcf7-form-control-wrap your-name\"><input type=\"text\" name=\"your-name\" value=\"\" size=\"40\" class=\"wpcf7-form-control wpcf7-text wpcf7-validates-as-required\" aria-required=\"true\" aria-invalid=\"false\" placeholder=\"Vuestro Nombre (requerido)\" \/><\/span><\/div>\n<div><span class=\"wpcf7-form-control-wrap your-email\"><input type=\"email\" name=\"your-email\" value=\"\" size=\"40\" class=\"wpcf7-form-control wpcf7-text wpcf7-email wpcf7-validates-as-required wpcf7-validates-as-email\" aria-required=\"true\" aria-invalid=\"false\" placeholder=\"Su Email (requerido)\" \/><\/span><\/div>\n<div><span class=\"wpcf7-form-control-wrap your-subject\"><input type=\"text\" name=\"your-subject\" value=\"\" size=\"40\" class=\"wpcf7-form-control wpcf7-text\" aria-invalid=\"false\" placeholder=\"Tema\" \/><\/span><\/div>\n<div><span class=\"wpcf7-form-control-wrap your-message\"><textarea name=\"your-message\" cols=\"40\" rows=\"10\" class=\"wpcf7-form-control wpcf7-textarea\" aria-invalid=\"false\" placeholder=\"Su Mensaje\"><\/textarea><\/span><\/div>\n<div><span class=\"wpcf7-form-control-wrap aceitacao-politica-privacidade\"><span class=\"wpcf7-form-control wpcf7-acceptance\"><span class=\"wpcf7-list-item\"><label><input type=\"checkbox\" name=\"aceitacao-politica-privacidade\" value=\"1\" aria-invalid=\"false\" \/><span class=\"wpcf7-list-item-label\">He le\u00eddo y acepto la Pol\u00edtica de privacidad y Condiciones de utilizaci\u00f3n<\/span><\/label><\/span><\/span><\/span><\/div>\n<p><span id=\"wpcf7-69e45b6fe17b2-wrapper\" class=\"wpcf7-form-control-wrap email-confirm-wrap\" style=\"display:none !important; visibility:hidden !important;\"><label for=\"wpcf7-69e45b6fe17b2-field\" class=\"hp-message\">Por favor, deja este campo vac\u00edo.<\/label><input id=\"wpcf7-69e45b6fe17b2-field\"  class=\"wpcf7-form-control wpcf7-text\" type=\"text\" name=\"email-confirm\" value=\"\" size=\"40\" tabindex=\"-1\" autocomplete=\"new-password\" \/><\/span><\/p>\n<div style=\"height:30px;\"><\/div>\n<div><input type=\"submit\" value=\"Enviar\" class=\"wpcf7-form-control wpcf7-submit\" \/><\/div>\n<\/div>\n<\/div>\n<div class=\"wpcf7-response-output\" aria-hidden=\"true\"><\/div><\/form><\/div>[\/vc_column][vc_column width=\u00bb1\/4&#8243;][\/vc_column][\/vc_row][vc_row disable_element=\u00bbyes\u00bb padding_top_multiplier=\u00bb4x\u00bb padding_bottom_multiplier=\u00bb4x\u00bb][vc_column width=\u00bb7\/12&#8243;]<div class=\"grve-map-wrapper\"><div class=\"grve-element grve-map\" data-lat=\"51.516221\" data-lng=\"-0.136986\" data-zoom=\"14\" data-disable-style=\"no\" style=\"height: 565px;\"><\/div>  <div style=\"display:none\" class=\"grve-map-point\" data-point-marker=\"\/\/planimolde.pt\/wp-content\/themes\/movedo\/images\/markers\/markers.png\" data-point-lat=\"51.516221\" data-point-lng=\"-0.136986\" data-point-title=\"\" data-point-type=\"image\" data-point-marker-width=\"38\" data-point-marker-height=\"60\"><\/div><\/div>[\/vc_column][vc_column width=\u00bb5\/12&#8243;]<h2 class=\"grve-element grve-title grve-align-left grve-h4\" style=\"\"><span>Send Your Message<\/span><\/h2>[contact-form-7 404 \"No encontrado\"][\/vc_column][\/vc_row]<\/p>","protected":false},"excerpt":{"rendered":"<p>[vc_row heading_color=\u00bblight\u00bb bg_type=\u00bbcolor\u00bb padding_top_multiplier=\u00bbcustom\u00bb padding_bottom_multiplier=\u00bbcustom\u00bb separator_bottom=\u00bbtilt-right-separator\u00bb separator_bottom_color=\u00bb#fafafa\u00bb parallax_sensor=\u00bb350&#8243; font_color=\u00bb#ffffff\u00bb padding_top=\u00bb8%\u00bb padding_bottom=\u00bb8%\u00bb bg_color=\u00bb#b40a26&#8243;][vc_column][vc_custom_heading text=\u00bbValoramos sus comentarios\u00bb font_container=\u00bbtag:h1|text_align:left|color:%23ffffff\u00bb google_fonts=\u00bbfont_family:Open%20Sans%3A300%2C300italic%2Cregular%2Citalic%2C600%2C600italic%2C700%2C700italic%2C800%2C800italic|font_style:800%20bold%20regular%3A800%3Anormal\u00bb css=\u00bb.vc_custom_1603903671312{padding-bottom: 50px !important;}\u00bb][\/vc_column][\/vc_row][vc_row bg_type=\u00bbcolor\u00bb padding_top_multiplier=\u00bb6x\u00bb padding_bottom_multiplier=\u00bb6x\u00bb columns_gap=\u00bb40&#8243; parallax_sensor=\u00bb350&#8243; bg_color=\u00bb#f9fafa\u00bb][vc_column column_effect=\u00bbmouse-move-x-y\u00bb width=\u00bb1\/3&#8243; text_align=\u00bbcenter\u00bb el_wrapper_class=\u00bbgrve-drop-shadow\u00bb css=\u00bb.vc_custom_1589444148090{padding-top: 60px !important;padding-right: 30px !important;padding-bottom: 60px !important;padding-left: 30px !important;background-color: #ffffff !important;border-radius: 5px !important;}\u00bb][vc_custom_heading text=\u00bbDonde Estamos\u00bb font_container=\u00bbtag:h2|text_align:center|color:%23b40a26&#8243; google_fonts=\u00bbfont_family:Open%20Sans%3A300%2C300italic%2Cregular%2Citalic%2C600%2C600italic%2C700%2C700italic%2C800%2C800italic|font_style:800%20bold%20regular%3A800%3Anormal\u00bb][vc_column_text]Rua do Lamar\u00e3o da Embra, Pedrulheira 2430-119 Marinha Grande [&hellip;]<\/p>\n","protected":false},"author":1,"featured_media":0,"parent":0,"menu_order":0,"comment_status":"closed","ping_status":"closed","template":"","meta":[],"_links":{"self":[{"href":"https:\/\/planimolde.pt\/es\/wp-json\/wp\/v2\/pages\/17054"}],"collection":[{"href":"https:\/\/planimolde.pt\/es\/wp-json\/wp\/v2\/pages"}],"about":[{"href":"https:\/\/planimolde.pt\/es\/wp-json\/wp\/v2\/types\/page"}],"author":[{"embeddable":true,"href":"https:\/\/planimolde.pt\/es\/wp-json\/wp\/v2\/users\/1"}],"replies":[{"embeddable":true,"href":"https:\/\/planimolde.pt\/es\/wp-json\/wp\/v2\/comments?post=17054"}],"version-history":[{"count":59,"href":"https:\/\/planimolde.pt\/es\/wp-json\/wp\/v2\/pages\/17054\/revisions"}],"predecessor-version":[{"id":19027,"href":"https:\/\/planimolde.pt\/es\/wp-json\/wp\/v2\/pages\/17054\/revisions\/19027"}],"wp:attachment":[{"href":"https:\/\/planimolde.pt\/es\/wp-json\/wp\/v2\/media?parent=17054"}],"curies":[{"name":"wp","href":"https:\/\/api.w.org\/{rel}","templated":true}]}}