{"id":16632,"date":"2020-05-12T13:44:07","date_gmt":"2020-05-12T13:44:07","guid":{"rendered":"http:\/\/planimolde.younik.pt\/?page_id=16632"},"modified":"2020-11-16T10:33:07","modified_gmt":"2020-11-16T10:33:07","slug":"iml-imf","status":"publish","type":"page","link":"https:\/\/planimolde.pt\/es\/iml-imf\/","title":{"rendered":"IML y IMF"},"content":{"rendered":"<p>[vc_row section_full_height=\u00bbfullheight\u00bb bg_type=\u00bbimage\u00bb bg_image=\u00bb16334&#8243; bg_image_size=\u00bbresponsive\u00bb padding_top_multiplier=\u00bb3x\u00bb padding_bottom_multiplier=\u00bb3x\u00bb columns_gap=\u00bb60&#8243; equal_column_height=\u00bbmiddle-content\u00bb el_class=\u00bbfullscreen_with_reveal_slider\u00bb][vc_column vertical_content_position=\u00bbmiddle\u00bb css=\u00bb.vc_custom_1588924659911{margin-top: 0px !important;margin-bottom: 0px !important;padding-top: 0px !important;padding-bottom: 0px !important;}\u00bb][vc_row_inner disable_element=\u00bbyes\u00bb el_class=\u00bbvertical-center\u00bb][vc_column_inner width=\u00bb1\/4&#8243;][\/vc_column_inner][vc_column_inner width=\u00bb1\/2&#8243;]\r\n\t\t<div\r\n\t\t\tclass=\"twentytwenty-container wb_vc_baic_container\"\r\n\t\t\tid=\"wb_before_after_5_1776024171\"\r\n\t\t\tdata-before-text = \"Before\"\r\n\t\t\tdata-after-text = \"After\"\r\n\t\t>\r\n\t\t\t<img width=\"768\" height=\"568\" src=\"https:\/\/planimolde.pt\/wp-content\/uploads\/2020\/05\/molde_berbequim_-768x568.png\" class=\"attachment-medium_large size-medium_large\" alt=\"\" loading=\"lazy\" srcset=\"https:\/\/planimolde.pt\/wp-content\/uploads\/2020\/05\/molde_berbequim_-768x568.png 768w, https:\/\/planimolde.pt\/wp-content\/uploads\/2020\/05\/molde_berbequim_-300x222.png 300w, https:\/\/planimolde.pt\/wp-content\/uploads\/2020\/05\/molde_berbequim_-600x444.png 600w, https:\/\/planimolde.pt\/wp-content\/uploads\/2020\/05\/molde_berbequim_.png 1000w\" sizes=\"(max-width: 768px) 100vw, 768px\" \/>\t\t\t<img width=\"768\" height=\"568\" src=\"https:\/\/planimolde.pt\/wp-content\/uploads\/2020\/05\/berbequim_-768x568.png\" class=\"attachment-medium_large size-medium_large\" alt=\"\" loading=\"lazy\" srcset=\"https:\/\/planimolde.pt\/wp-content\/uploads\/2020\/05\/berbequim_-768x568.png 768w, https:\/\/planimolde.pt\/wp-content\/uploads\/2020\/05\/berbequim_-300x222.png 300w, https:\/\/planimolde.pt\/wp-content\/uploads\/2020\/05\/berbequim_-600x444.png 600w, https:\/\/planimolde.pt\/wp-content\/uploads\/2020\/05\/berbequim_.png 1000w\" sizes=\"(max-width: 768px) 100vw, 768px\" \/>\t\t<\/div>\r\n<!--  -->\r\n[\/vc_column_inner][vc_column_inner width=\u00bb1\/4&#8243;][\/vc_column_inner][\/vc_row_inner][vc_row_inner el_class=\u00bbvertical-center\u00bb][vc_column_inner width=\u00bb1\/4&#8243;][vc_column_text]<\/p>\n<p style=\"color: #aaaaaa;\">Tecnolog\u00eda especialmente utilizada con fines est\u00e9ticos, por la industria autom\u00f3vil (IMF) y la industria del embalaje (IML), que requiere un perfecto funcionamiento del molde y un proceso completamente optimizado.<\/p>\n<p>[\/vc_column_text][\/vc_column_inner][vc_column_inner width=\u00bb1\/2&#8243;]<div class=\"grve-element grve-image grve-align-center\" style=\"\">  <div class=\"grve-image-wrapper\"><img width=\"1000\" height=\"740\" src=\"https:\/\/planimolde.pt\/wp-content\/uploads\/2020\/08\/iml_imf_.png\" class=\"attachment-full size-full\" alt=\"\" loading=\"lazy\" srcset=\"https:\/\/planimolde.pt\/wp-content\/uploads\/2020\/08\/iml_imf_.png 1000w, https:\/\/planimolde.pt\/wp-content\/uploads\/2020\/08\/iml_imf_-300x222.png 300w, https:\/\/planimolde.pt\/wp-content\/uploads\/2020\/08\/iml_imf_-768x568.png 768w\" sizes=\"(max-width: 1000px) 100vw, 1000px\" \/>   <\/div><\/div>[\/vc_column_inner][vc_column_inner width=\u00bb1\/4&#8243;][vc_column_text]<\/p>\n<p style=\"color: #aaaaaa;\">Nuestra experiencia con la tecnolog\u00eda IMF es principalmente para piezas est\u00e9ticas, en concreto interiores de autom\u00f3viles (imitaci\u00f3n de fibra de carbono, aluminio cepillado y varios tipos de texturas y acabados &#8230;). En la industria del embalaje, el IML es m\u00e1s com\u00fan, que puede ser por rodillo o sistema de vac\u00edo.<\/p>\n<p>[\/vc_column_text][\/vc_column_inner][\/vc_row_inner]<div class=\"grve-empty-space grve-height-1x\" style=\"\"><\/div>[vc_widget_sidebar sidebar_id=\u00bbmovedo_grve_sidebar_5ebaa72da96d3&#8243; el_class=\u00bbsubmenu_tecnologias\u00bb]<div class=\"grve-empty-space grve-height-2x\" style=\"\"><\/div>[\/vc_column][\/vc_row]<\/p>","protected":false},"excerpt":{"rendered":"<p>Eum an docendi expetendis. Nam iudico tollit periculis eu. No quo detraxit ocurreret, prima neglegentur ut pro. Ut cum nobis ornatus.<\/p>\n","protected":false},"author":1,"featured_media":0,"parent":0,"menu_order":0,"comment_status":"closed","ping_status":"closed","template":"","meta":[],"_links":{"self":[{"href":"https:\/\/planimolde.pt\/es\/wp-json\/wp\/v2\/pages\/16632"}],"collection":[{"href":"https:\/\/planimolde.pt\/es\/wp-json\/wp\/v2\/pages"}],"about":[{"href":"https:\/\/planimolde.pt\/es\/wp-json\/wp\/v2\/types\/page"}],"author":[{"embeddable":true,"href":"https:\/\/planimolde.pt\/es\/wp-json\/wp\/v2\/users\/1"}],"replies":[{"embeddable":true,"href":"https:\/\/planimolde.pt\/es\/wp-json\/wp\/v2\/comments?post=16632"}],"version-history":[{"count":14,"href":"https:\/\/planimolde.pt\/es\/wp-json\/wp\/v2\/pages\/16632\/revisions"}],"predecessor-version":[{"id":18694,"href":"https:\/\/planimolde.pt\/es\/wp-json\/wp\/v2\/pages\/16632\/revisions\/18694"}],"wp:attachment":[{"href":"https:\/\/planimolde.pt\/es\/wp-json\/wp\/v2\/media?parent=16632"}],"curies":[{"name":"wp","href":"https:\/\/api.w.org\/{rel}","templated":true}]}}