{"id":16626,"date":"2020-05-12T13:41:47","date_gmt":"2020-05-12T13:41:47","guid":{"rendered":"http:\/\/planimolde.younik.pt\/?page_id=16626"},"modified":"2020-10-29T11:36:26","modified_gmt":"2020-10-29T11:36:26","slug":"mucell-injection","status":"publish","type":"page","link":"https:\/\/planimolde.pt\/es\/mucell-injection\/","title":{"rendered":"Inyecci\u00f3n Mucell"},"content":{"rendered":"<p>[vc_row section_full_height=\u00bbfullheight\u00bb bg_type=\u00bbimage\u00bb bg_image=\u00bb16334&#8243; bg_image_size=\u00bbresponsive\u00bb padding_top_multiplier=\u00bb3x\u00bb padding_bottom_multiplier=\u00bb3x\u00bb columns_gap=\u00bb60&#8243; equal_column_height=\u00bbmiddle-content\u00bb el_class=\u00bbfullscreen_with_reveal_slider\u00bb][vc_column vertical_content_position=\u00bbmiddle\u00bb css=\u00bb.vc_custom_1588924659911{margin-top: 0px !important;margin-bottom: 0px !important;padding-top: 0px !important;padding-bottom: 0px !important;}\u00bb][vc_row_inner el_class=\u00bbvertical-center\u00bb][vc_column_inner width=\u00bb1\/4&#8243;][vc_column_text]<\/p>\n<p style=\"color: #aaaaaa;\">Los moldes para la inyecci\u00f3n de \u201cmucell\u201d son moldes con caracter\u00edsticas espec\u00edficas, desde su concepci\u00f3n hasta el propio proceso de inyecci\u00f3n.<\/p>\n<p>[\/vc_column_text][\/vc_column_inner][vc_column_inner width=\u00bb1\/2&#8243;]\r\n\t\t<div\r\n\t\t\tclass=\"twentytwenty-container wb_vc_baic_container\"\r\n\t\t\tid=\"wb_before_after_5_1776573799\"\r\n\t\t\tdata-before-text = \"Before\"\r\n\t\t\tdata-after-text = \"After\"\r\n\t\t>\r\n\t\t\t<img width=\"768\" height=\"568\" src=\"https:\/\/planimolde.pt\/wp-content\/uploads\/2020\/10\/Injeccao-Mucell-min-768x568.png\" class=\"attachment-medium_large size-medium_large\" alt=\"\" loading=\"lazy\" srcset=\"https:\/\/planimolde.pt\/wp-content\/uploads\/2020\/10\/Injeccao-Mucell-min-768x568.png 768w, https:\/\/planimolde.pt\/wp-content\/uploads\/2020\/10\/Injeccao-Mucell-min-300x222.png 300w, https:\/\/planimolde.pt\/wp-content\/uploads\/2020\/10\/Injeccao-Mucell-min.png 1000w\" sizes=\"(max-width: 768px) 100vw, 768px\" \/>\t\t\t<img width=\"768\" height=\"568\" src=\"https:\/\/planimolde.pt\/wp-content\/uploads\/2020\/10\/Injeccao-Mucell-produto-min-768x568.png\" class=\"attachment-medium_large size-medium_large\" alt=\"\" loading=\"lazy\" srcset=\"https:\/\/planimolde.pt\/wp-content\/uploads\/2020\/10\/Injeccao-Mucell-produto-min-768x568.png 768w, https:\/\/planimolde.pt\/wp-content\/uploads\/2020\/10\/Injeccao-Mucell-produto-min-300x222.png 300w, https:\/\/planimolde.pt\/wp-content\/uploads\/2020\/10\/Injeccao-Mucell-produto-min.png 1000w\" sizes=\"(max-width: 768px) 100vw, 768px\" \/>\t\t<\/div>\r\n<!--  -->\r\n[\/vc_column_inner][vc_column_inner width=\u00bb1\/4&#8243;][vc_column_text]<\/p>\n<p style=\"color: #aaaaaa;\">En nuestros moldes para \u201cmucell\u201d, tenemos en cuenta el comportamiento de este material, realizando an\u00e1lisis de llenado previos (Mold-Flow Analysis) considerando la compensaci\u00f3n de deformaci\u00f3n necesaria y aplicando la contra-deformaci\u00f3n necesaria en la fabricaci\u00f3n del molde para obtener un art\u00edculo mucell perfecto.<\/p>\n<p>[\/vc_column_text][\/vc_column_inner][\/vc_row_inner]<div class=\"grve-empty-space grve-height-1x\" style=\"\"><\/div>[vc_widget_sidebar sidebar_id=\u00bbmovedo_grve_sidebar_5ebaa72da96d3&#8243; el_class=\u00bbsubmenu_tecnologias\u00bb]<div class=\"grve-empty-space grve-height-2x\" style=\"\"><\/div>[\/vc_column][\/vc_row]<\/p>","protected":false},"excerpt":{"rendered":"<p>Eum an docendi expetendis. Nam iudico tollit periculis eu. No quo detraxit ocurreret, prima neglegentur ut pro. Ut cum nobis ornatus.<\/p>\n","protected":false},"author":1,"featured_media":0,"parent":0,"menu_order":0,"comment_status":"closed","ping_status":"closed","template":"","meta":[],"_links":{"self":[{"href":"https:\/\/planimolde.pt\/es\/wp-json\/wp\/v2\/pages\/16626"}],"collection":[{"href":"https:\/\/planimolde.pt\/es\/wp-json\/wp\/v2\/pages"}],"about":[{"href":"https:\/\/planimolde.pt\/es\/wp-json\/wp\/v2\/types\/page"}],"author":[{"embeddable":true,"href":"https:\/\/planimolde.pt\/es\/wp-json\/wp\/v2\/users\/1"}],"replies":[{"embeddable":true,"href":"https:\/\/planimolde.pt\/es\/wp-json\/wp\/v2\/comments?post=16626"}],"version-history":[{"count":20,"href":"https:\/\/planimolde.pt\/es\/wp-json\/wp\/v2\/pages\/16626\/revisions"}],"predecessor-version":[{"id":18574,"href":"https:\/\/planimolde.pt\/es\/wp-json\/wp\/v2\/pages\/16626\/revisions\/18574"}],"wp:attachment":[{"href":"https:\/\/planimolde.pt\/es\/wp-json\/wp\/v2\/media?parent=16626"}],"curies":[{"name":"wp","href":"https:\/\/api.w.org\/{rel}","templated":true}]}}