{"id":16314,"date":"2020-05-07T14:34:11","date_gmt":"2020-05-07T14:34:11","guid":{"rendered":"http:\/\/planimolde.younik.pt\/?page_id=16314"},"modified":"2020-11-16T10:28:07","modified_gmt":"2020-11-16T10:28:07","slug":"multi-cavity-tools","status":"publish","type":"page","link":"https:\/\/planimolde.pt\/es\/multi-cavity-tools\/","title":{"rendered":"Multicavidades"},"content":{"rendered":"<p>[vc_row section_full_height=\u00bbfullheight\u00bb bg_type=\u00bbimage\u00bb bg_image=\u00bb16334&#8243; bg_image_size=\u00bbresponsive\u00bb padding_top_multiplier=\u00bb3x\u00bb padding_bottom_multiplier=\u00bb3x\u00bb columns_gap=\u00bb60&#8243; equal_column_height=\u00bbmiddle-content\u00bb el_class=\u00bbfullscreen_with_reveal_slider\u00bb][vc_column vertical_content_position=\u00bbmiddle\u00bb css=\u00bb.vc_custom_1588924659911{margin-top: 0px !important;margin-bottom: 0px !important;padding-top: 0px !important;padding-bottom: 0px !important;}\u00bb][vc_row_inner el_class=\u00bbvertical-center\u00bb][vc_column_inner width=\u00bb1\/4&#8243;][vc_column_text]<\/p>\n<p style=\"color: #aaaaaa;\">Moldes multicavidad para una mejor rentabilidad de la producci\u00f3n: en pocos segundos podemos tener decenas de piezas producidas, siendo indicado para grandes vol\u00famenes de producci\u00f3n.<\/p>\n<p>[\/vc_column_text][\/vc_column_inner][vc_column_inner width=\u00bb1\/2&#8243;]\r\n\t\t<div\r\n\t\t\tclass=\"twentytwenty-container wb_vc_baic_container\"\r\n\t\t\tid=\"wb_before_after_5_1776297972\"\r\n\t\t\tdata-before-text = \"Before\"\r\n\t\t\tdata-after-text = \"After\"\r\n\t\t>\r\n\t\t\t<img width=\"768\" height=\"568\" src=\"https:\/\/planimolde.pt\/wp-content\/uploads\/2020\/07\/YK_Multicavities_MOLDE-min-768x568.png\" class=\"attachment-medium_large size-medium_large\" alt=\"\" loading=\"lazy\" srcset=\"https:\/\/planimolde.pt\/wp-content\/uploads\/2020\/07\/YK_Multicavities_MOLDE-min-768x568.png 768w, https:\/\/planimolde.pt\/wp-content\/uploads\/2020\/07\/YK_Multicavities_MOLDE-min-300x222.png 300w, https:\/\/planimolde.pt\/wp-content\/uploads\/2020\/07\/YK_Multicavities_MOLDE-min.png 1000w\" sizes=\"(max-width: 768px) 100vw, 768px\" \/>\t\t\t<img width=\"768\" height=\"568\" src=\"https:\/\/planimolde.pt\/wp-content\/uploads\/2020\/07\/YK_Multicavities_PECA-minn-768x568.png\" class=\"attachment-medium_large size-medium_large\" alt=\"\" loading=\"lazy\" srcset=\"https:\/\/planimolde.pt\/wp-content\/uploads\/2020\/07\/YK_Multicavities_PECA-minn-768x568.png 768w, https:\/\/planimolde.pt\/wp-content\/uploads\/2020\/07\/YK_Multicavities_PECA-minn-300x222.png 300w, https:\/\/planimolde.pt\/wp-content\/uploads\/2020\/07\/YK_Multicavities_PECA-minn.png 1000w\" sizes=\"(max-width: 768px) 100vw, 768px\" \/>\t\t<\/div>\r\n<!--  -->\r\n[\/vc_column_inner][vc_column_inner width=\u00bb1\/4&#8243;][vc_column_text]<\/p>\n<p style=\"color: #aaaaaa;\">Hacemos moldes multicavidad para diversos tipos de industria, desde alimentos hasta m\u00e9dicos, el\u00e9ctricos, de embalaje y otros. En estos moldes ya hemos aplicado sistemas de desatornillado autom\u00e1tico, sea por accionamiento hidr\u00e1ulico o con servomotor, permitiendo una interacci\u00f3n entre el molde y la m\u00e1quina de inyecci\u00f3n.<br \/>\nNuestra experiencia tambi\u00e9n incluye moldes bimateriales multicavidad, algunos con sistema KO rotativo indexado, lo que permite optimizar el ciclo del molde con menos cavidades.<\/p>\n<p>[\/vc_column_text][\/vc_column_inner][\/vc_row_inner]<div class=\"grve-empty-space grve-height-1x\" style=\"\"><\/div>[vc_widget_sidebar sidebar_id=\u00bbmovedo_grve_sidebar_5ebaa72da96d3&#8243; el_class=\u00bbsubmenu_tecnologias\u00bb]<div class=\"grve-empty-space grve-height-2x\" style=\"\"><\/div>[\/vc_column][\/vc_row]<\/p>","protected":false},"excerpt":{"rendered":"<p>Eum an docendi expetendis. Nam iudico tollit periculis eu. No quo detraxit ocurreret, prima neglegentur ut pro. Ut cum nobis ornatus.<\/p>\n","protected":false},"author":1,"featured_media":0,"parent":0,"menu_order":0,"comment_status":"closed","ping_status":"closed","template":"","meta":[],"_links":{"self":[{"href":"https:\/\/planimolde.pt\/es\/wp-json\/wp\/v2\/pages\/16314"}],"collection":[{"href":"https:\/\/planimolde.pt\/es\/wp-json\/wp\/v2\/pages"}],"about":[{"href":"https:\/\/planimolde.pt\/es\/wp-json\/wp\/v2\/types\/page"}],"author":[{"embeddable":true,"href":"https:\/\/planimolde.pt\/es\/wp-json\/wp\/v2\/users\/1"}],"replies":[{"embeddable":true,"href":"https:\/\/planimolde.pt\/es\/wp-json\/wp\/v2\/comments?post=16314"}],"version-history":[{"count":91,"href":"https:\/\/planimolde.pt\/es\/wp-json\/wp\/v2\/pages\/16314\/revisions"}],"predecessor-version":[{"id":18690,"href":"https:\/\/planimolde.pt\/es\/wp-json\/wp\/v2\/pages\/16314\/revisions\/18690"}],"wp:attachment":[{"href":"https:\/\/planimolde.pt\/es\/wp-json\/wp\/v2\/media?parent=16314"}],"curies":[{"name":"wp","href":"https:\/\/api.w.org\/{rel}","templated":true}]}}