{"id":18736,"date":"2020-11-19T12:05:20","date_gmt":"2020-11-19T12:05:20","guid":{"rendered":"http:\/\/planimolde.younik.pt\/?page_id=18736"},"modified":"2020-11-23T14:58:25","modified_gmt":"2020-11-23T14:58:25","slug":"privacy-policy","status":"publish","type":"page","link":"https:\/\/planimolde.pt\/de\/privacy-policy\/","title":{"rendered":"datenschutzbestimmungen"},"content":{"rendered":"<p>[vc_row heading_color=&#8220;light&#8220; bg_type=&#8220;image&#8220; bg_image=&#8220;16847&#8243; color_overlay=&#8220;dark&#8220; opacity_overlay=&#8220;30&#8243; padding_top_multiplier=&#8220;custom&#8220; padding_bottom_multiplier=&#8220;custom&#8220; separator_bottom=&#8220;tilt-right-separator&#8220; parallax_sensor=&#8220;350&#8243; font_color=&#8220;#ffffff&#8220; padding_top=&#8220;8%&#8220; padding_bottom=&#8220;8%&#8220;][vc_column][vc_custom_heading text=&#8220;Pol\u00edtica de privacidade e condi\u00e7\u00f5es de utiliza\u00e7\u00e3o&#8220; font_container=&#8220;tag:h1|text_align:center|color:%23ffffff&#8220; google_fonts=&#8220;font_family:Open%20Sans%3A300%2C300italic%2Cregular%2Citalic%2C600%2C600italic%2C700%2C700italic%2C800%2C800italic|font_style:800%20bold%20regular%3A800%3Anormal&#8220; css=&#8220;.vc_custom_1605787474973{padding-bottom: 50px !important;}&#8220;][\/vc_column][\/vc_row][vc_row padding_bottom_multiplier=&#8220;2x&#8220;][vc_column][vc_column_text animation=&#8220;grve-fade-in-up&#8220; animation_delay=&#8220;400&#8243;]<\/p>\n<h3><strong><span style=\"color: #b40a26;\">Quem somos?<br \/>\n<\/span><\/strong><\/h3>\n<p>[\/vc_column_text]<div class=\"grve-empty-space grve-height-1x\" style=\"\"><\/div>[vc_column_text animation=&#8220;grve-fade-in-up&#8220; animation_delay=&#8220;400&#8243;]A Planimolde \u00e9 uma empresa fabricante de moldes de injec\u00e7\u00e3o e injectora de pe\u00e7as pl\u00e1sticas, com sede em Rua Lamar\u00e3o da Embra, Pedrulheira \u2013 2430 \u2013 119 Marinha Grande \u2013 Portugal com o n.\u00ba de pessoa coletiva 500012350.\u2028Esta Pol\u00edtica de Privacidade aplica-se exclusivamente \u00e0 recolha e tratamento de dados pessoais efetuados pela Planimolde e \u00e9 complementar aos termos e condi\u00e7\u00f5es mencionados em contratos de fornecimento, presta\u00e7\u00e3o de servi\u00e7os ou outros similares.[\/vc_column_text][\/vc_column][\/vc_row][vc_row padding_bottom_multiplier=&#8220;2x&#8220;][vc_column][vc_column_text animation=&#8220;grve-fade-in-up&#8220; animation_delay=&#8220;400&#8243;]<\/p>\n<h3><strong><span style=\"color: #b40a26;\">\u00c2mbito<br \/>\n<\/span><\/strong><\/h3>\n<p>[\/vc_column_text]<div class=\"grve-empty-space grve-height-1x\" style=\"\"><\/div>[vc_column_text animation=&#8220;grve-fade-in-up&#8220; animation_delay=&#8220;400&#8243;]O novo Regulamento Geral de Prote\u00e7\u00e3o de Dados (RGPD), aprovado pelo Parlamento Europeu em maio de 2016, entrou em vigor em 25 de maio de 2018. A Planimolde est\u00e1 empenhada em proteger a privacidade dos seus clientes e dos utilizadores das suas plataformas digitais com o objetivo de firmar o seu compromisso com a privacidade e prote\u00e7\u00e3o dos dados pessoais e ter uma conduta no estrito respeito e cumprimento da Lei de Prote\u00e7\u00e3o de Dados Pessoais.[\/vc_column_text][\/vc_column][\/vc_row][vc_row padding_bottom_multiplier=&#8220;2x&#8220;][vc_column][vc_column_text animation=&#8220;grve-fade-in-up&#8220; animation_delay=&#8220;400&#8243;]<\/p>\n<h3><strong><span style=\"color: #b40a26;\">O que s\u00e3o dados pessoais?<br \/>\n<\/span><\/strong><\/h3>\n<p>[\/vc_column_text]<div class=\"grve-empty-space grve-height-1x\" style=\"\"><\/div>[vc_column_text animation=&#8220;grve-fade-in-up&#8220; animation_delay=&#8220;400&#8243;]Qualquer informa\u00e7\u00e3o relativa a uma pessoa singular identificada ou identific\u00e1vel, direta ou indiretamente.[\/vc_column_text][\/vc_column][\/vc_row][vc_row padding_bottom_multiplier=&#8220;2x&#8220;][vc_column][vc_column_text animation=&#8220;grve-fade-in-up&#8220; animation_delay=&#8220;400&#8243;]<\/p>\n<h3><strong><span style=\"color: #b40a26;\">Tipos de Dados Pessoais que recolhemos, de que forma e com que objetivo<br \/>\n<\/span><\/strong><\/h3>\n<p>[\/vc_column_text]<div class=\"grve-empty-space grve-height-1x\" style=\"\"><\/div>[vc_column_text animation=&#8220;grve-fade-in-up&#8220; animation_delay=&#8220;400&#8243;]Recolhemos dados pessoais aquando do registo no nosso website, quando solicita um produto, servi\u00e7o ou informa\u00e7\u00e3o, apresenta uma reclama\u00e7\u00e3o ou fornece uma opini\u00e3o.<\/p>\n<p>A Planimolde procede \u00e0 recolha dos dados pessoais necess\u00e1rios \u00e0 sua atividade, normalmente para gest\u00e3o da rela\u00e7\u00e3o contratual de fornecimento de produtos e presta\u00e7\u00e3o de servi\u00e7os e assist\u00eancia ao cliente, tratando nesse \u00e2mbito dados como o nome, a morada, o n\u00famero de telefone, o endere\u00e7o de correio electr\u00f3nico, n.\u00ba de contribuinte e dados relacionados com o hist\u00f3rico de compra.<\/p>\n<p>Podemos tamb\u00e9m recolher os seus dados para divulgar novos produtos, servi\u00e7os, ofertas especiais ou outra informa\u00e7\u00e3o que acreditamos ser do seu interesse. \u00c9 garantido ao titular dos dados, o direito de acesso, atualiza\u00e7\u00e3o, retifica\u00e7\u00e3o e remo\u00e7\u00e3o. Para tal contacte-nos utilizando o e-mail <a href=\"mailto:info@planimolde.pt\">info@planimolde.pt<\/a>[\/vc_column_text][\/vc_column][\/vc_row][vc_row padding_bottom_multiplier=&#8220;2x&#8220;][vc_column][vc_column_text animation=&#8220;grve-fade-in-up&#8220; animation_delay=&#8220;400&#8243;]<\/p>\n<h3><strong><span style=\"color: #b40a26;\">Tempo de armazenamento<\/span><\/strong><\/h3>\n<p>[\/vc_column_text]<div class=\"grve-empty-space grve-height-1x\" style=\"\"><\/div>[vc_column_text animation=&#8220;grve-fade-in-up&#8220; animation_delay=&#8220;400&#8243;]Sempre que n\u00e3o existam requisitos legais definidos, os dados ser\u00e3o armazenados pelo per\u00edodo m\u00ednimo necess\u00e1rio para concretiza\u00e7\u00e3o do objetivo que motivou a sua recolha.\u2028Para efeitos de marketing e assist\u00eancia ao cliente os seus dados ser\u00e3o conservados at\u00e9 10 anos ap\u00f3s o seu consentimento ou o seu \u00faltimo contacto. A qualquer altura pode anular o consentimento\u00a0aqui.[\/vc_column_text][\/vc_column][\/vc_row][vc_row padding_bottom_multiplier=&#8220;2x&#8220;][vc_column][vc_column_text animation=&#8220;grve-fade-in-up&#8220; animation_delay=&#8220;400&#8243;]<\/p>\n<h3><strong><span style=\"color: #b40a26;\">Seguran\u00e7a dos dados<br \/>\n<\/span><\/strong><\/h3>\n<p>[\/vc_column_text]<div class=\"grve-empty-space grve-height-1x\" style=\"\"><\/div>[vc_column_text animation=&#8220;grve-fade-in-up&#8220; animation_delay=&#8220;400&#8243;]Com o objetivo de assegurar a seguran\u00e7a e integridade dos dados fornecidos pelos utilizadores do nosso website e plataformas digitais, implement\u00e1mos medidas a n\u00edvel tecnol\u00f3gico e organizacional que nos ajudam a manter a informa\u00e7\u00e3o segura e atualizada.<\/p>\n<p>Os dados consultados e os voluntariamente submetidos pelo utilizador s\u00e3o encriptados e armazenados de forma segura, sujeitos \u00e0s medidas de seguran\u00e7a que consideramos fundamentais para a sua prote\u00e7\u00e3o.<\/p>\n<p>Apesar de todas as medidas estarem a ser tomadas, relembramos os nossos utilizadores da import\u00e2ncia de ter o seu PC e browser atualizado, \u2018patches\u2019 de seguran\u00e7a configurados, firewall ativa, antiv\u00edrus e anti-spyware e certificar-se da autenticidade dos websites em que navega.[\/vc_column_text][\/vc_column][\/vc_row][vc_row padding_bottom_multiplier=&#8220;2x&#8220;][vc_column][vc_column_text animation=&#8220;grve-fade-in-up&#8220; animation_delay=&#8220;400&#8243;]<\/p>\n<h3><strong><span style=\"color: #b40a26;\">COOKIES<br \/>\n<\/span><\/strong><\/h3>\n<p>[\/vc_column_text]<div class=\"grve-empty-space grve-height-1x\" style=\"\"><\/div>[vc_column_text animation=&#8220;grve-fade-in-up&#8220; animation_delay=&#8220;400&#8243;]\u201cCookies\u201d s\u00e3o pequenas etiquetas de software armazenadas no seu computador atrav\u00e9s do navegador (browser) e que permitem otimizar a sua experi\u00eancia de navega\u00e7\u00e3o e analisar a utiliza\u00e7\u00e3o global do website.<\/p>\n<p>Os cookies s\u00e3o utilizados pela Planimolde para:<\/p>\n<ol>\n<li>Recolher endere\u00e7os IP dos utilizadores. Desta forma, podemos personalizar as suas prefer\u00eancias de utiliza\u00e7\u00e3o;<\/li>\n<li>Obter informa\u00e7\u00e3o estat\u00edstica acerca do website, por exemplo, distinguir novos utilizadores de utilizadores regulares.<\/li>\n<\/ol>\n<p>Pode limitar ou restringir a admiss\u00e3o de cookies atrav\u00e9s das op\u00e7\u00f5es do seu navegador.[\/vc_column_text][\/vc_column][\/vc_row][vc_row padding_bottom_multiplier=&#8220;2x&#8220;][vc_column][vc_column_text animation=&#8220;grve-fade-in-up&#8220; animation_delay=&#8220;400&#8243;]<\/p>\n<h3><strong><span style=\"color: #b40a26;\">Ced\u00eancia de dados a terceiros<br \/>\n<\/span><\/strong><\/h3>\n<p>[\/vc_column_text]<div class=\"grve-empty-space grve-height-1x\" style=\"\"><\/div>[vc_column_text animation=&#8220;grve-fade-in-up&#8220; animation_delay=&#8220;400&#8243;]Em determinadas situa\u00e7\u00f5es a Planimolde poder\u00e1 ceder dados pessoais a terceiras empresas para que estas proporcionem servi\u00e7os em nosso nome. Quando tal acontece averiguamos a idoneidade destas entidades e as garantias que oferecem a este n\u00edvel, formalizando todas as condi\u00e7\u00f5es em contrato com a referida entidade. A Planimolde somente disponibiliza os dados estritamente necess\u00e1rios e ser\u00e1 sempre respons\u00e1vel pelos dados que disponibiliza.<\/p>\n<p>Adicionalmente podemos ter de ceder dados pessoais para fazer cumprir a lei, proteger ou defender os direitos de propriedade da Planimolde ou atuar em situa\u00e7\u00f5es urgentes de prote\u00e7\u00e3o e seguran\u00e7a dos dados dos nossos utilizadores, clientes e p\u00fablico.[\/vc_column_text][\/vc_column][\/vc_row][vc_row padding_bottom_multiplier=&#8220;2x&#8220;][vc_column][vc_column_text animation=&#8220;grve-fade-in-up&#8220; animation_delay=&#8220;400&#8243;]<\/p>\n<h3><strong><span style=\"color: #b40a26;\">Altera\u00e7\u00f5es \u00e0 pol\u00edtica de privacidade<br \/>\n<\/span><\/strong><\/h3>\n<p>[\/vc_column_text]<div class=\"grve-empty-space grve-height-1x\" style=\"\"><\/div>[vc_column_text animation=&#8220;grve-fade-in-up&#8220; animation_delay=&#8220;400&#8243;]<\/p>\n<p class=\"p1\"><span class=\"s1\">A Planimolde reserva-se no direito de atualizar esta Pol\u00edtica de Privacidade a qualquer momento. A utiliza\u00e7\u00e3o do servi\u00e7o constitui a aceita\u00e7\u00e3o destes termos e de quaisquer atualiza\u00e7\u00f5es. Como tal, agradecemos que reveja periodicamente esta Pol\u00edtica de Privacidade.<\/span><\/p>\n<p>[\/vc_column_text][\/vc_column][\/vc_row][vc_row padding_bottom_multiplier=&#8220;2x&#8220;][vc_column][vc_column_text animation=&#8220;grve-fade-in-up&#8220; animation_delay=&#8220;400&#8243;]<\/p>\n<h3><strong><span style=\"color: #b40a26;\">Contactos<br \/>\n<\/span><\/strong><\/h3>\n<p>[\/vc_column_text]<div class=\"grve-empty-space grve-height-1x\" style=\"\"><\/div>[vc_column_text animation=&#8220;grve-fade-in-up&#8220; animation_delay=&#8220;400&#8243;]A entidade respons\u00e1vel pela recolha e tratamento dos dados pessoais \u00e9 a empresa Planimolde. Se tiver alguma quest\u00e3o acerca da nossa pol\u00edtica de privacidade ou da informa\u00e7\u00e3o que temos sobre si entre em contacto connosco utilizando ou e-mail <a href=\"mailto:info@planimolde.pt\">info@planimolde.pt<\/a> ou por correio, para: Rua Lamar\u00e3o da Embra, Pedrulheira, 2430 \u2013 119 Marinha Grande \u2013 Portugal.<br \/>\nEm caso de lit\u00edgio de consumo, o consumidor pode recorrer \u00e0 seguinte entidade de resolu\u00e7\u00e3o alternativa de lit\u00edgios de consumo:<\/p>\n<p>CNIACC \u2013 Centro Nacional de Informa\u00e7\u00e3o e Arbitragem de Conflitos de Consumo<\/p>\n<p>Faculdade de Direito da Universidade Nova de Lisboa<br \/>\nCampus de Campolide<br \/>\n1099-032 Lisboa<\/p>\n<p><strong>Tel<\/strong>.: 213 847 484<br \/>\n<strong>E-mail<\/strong>: <a href=\"mailto:cniacc@fd.unl.pt\">cniacc@fd.unl.pt<\/a><br \/>\n<strong>Web<\/strong>: <a href=\"https:\/\/www.arbitragemdeconsumo.org\/\" target=\"_blank\" rel=\"noopener noreferrer\">www.arbitragemdeconsumo.org<\/a> \/ <a href=\"https:\/\/www.facebook.com\/cniacc\" target=\"_blank\" rel=\"noopener noreferrer\">www.facebook.com\/cniacc<\/a>[\/vc_column_text][\/vc_column][\/vc_row][vc_row padding_top_multiplier=&#8220;2x&#8220; padding_bottom_multiplier=&#8220;2x&#8220;][vc_column][\/vc_column][\/vc_row]<\/p>\n","protected":false},"excerpt":{"rendered":"<p>In dicat delicata eos. Vim dicant platonem ne, quem expetenda necessitatibus nam eu. Mucius referrentur nam cu. Vel ludus noluisse consectetuer et.<\/p>\n","protected":false},"author":1,"featured_media":0,"parent":0,"menu_order":0,"comment_status":"closed","ping_status":"closed","template":"","meta":[],"_links":{"self":[{"href":"https:\/\/planimolde.pt\/de\/wp-json\/wp\/v2\/pages\/18736"}],"collection":[{"href":"https:\/\/planimolde.pt\/de\/wp-json\/wp\/v2\/pages"}],"about":[{"href":"https:\/\/planimolde.pt\/de\/wp-json\/wp\/v2\/types\/page"}],"author":[{"embeddable":true,"href":"https:\/\/planimolde.pt\/de\/wp-json\/wp\/v2\/users\/1"}],"replies":[{"embeddable":true,"href":"https:\/\/planimolde.pt\/de\/wp-json\/wp\/v2\/comments?post=18736"}],"version-history":[{"count":19,"href":"https:\/\/planimolde.pt\/de\/wp-json\/wp\/v2\/pages\/18736\/revisions"}],"predecessor-version":[{"id":18758,"href":"https:\/\/planimolde.pt\/de\/wp-json\/wp\/v2\/pages\/18736\/revisions\/18758"}],"wp:attachment":[{"href":"https:\/\/planimolde.pt\/de\/wp-json\/wp\/v2\/media?parent=18736"}],"curies":[{"name":"wp","href":"https:\/\/api.w.org\/{rel}","templated":true}]}}