{"id":17655,"date":"2020-05-26T10:24:02","date_gmt":"2020-05-26T10:24:02","guid":{"rendered":"http:\/\/planimolde.younik.pt\/?page_id=17655"},"modified":"2025-02-18T15:39:25","modified_gmt":"2025-02-18T15:39:25","slug":"quality","status":"publish","type":"page","link":"https:\/\/planimolde.pt\/de\/quality\/","title":{"rendered":"Qualit\u00e4t"},"content":{"rendered":"<p>[vc_row heading_color=&#8220;light&#8220; bg_type=&#8220;image&#8220; bg_image=&#8220;16847&#8243; color_overlay=&#8220;dark&#8220; opacity_overlay=&#8220;30&#8243; padding_top_multiplier=&#8220;custom&#8220; padding_bottom_multiplier=&#8220;custom&#8220; separator_bottom=&#8220;tilt-right-separator&#8220; parallax_sensor=&#8220;350&#8243; font_color=&#8220;#ffffff&#8220; padding_top=&#8220;8%&#8220; padding_bottom=&#8220;8%&#8220;][vc_column][vc_custom_heading text=&#8220;Qualit\u00e4t&#8220; font_container=&#8220;tag:h1|text_align:center|color:%23ffffff&#8220; google_fonts=&#8220;font_family:Open%20Sans%3A300%2C300italic%2Cregular%2Citalic%2C600%2C600italic%2C700%2C700italic%2C800%2C800italic|font_style:800%20bold%20regular%3A800%3Anormal&#8220; css=&#8220;.vc_custom_1603899908281{padding-bottom: 50px !important;}&#8220;][\/vc_column][\/vc_row][vc_row][vc_column]<div class=\"grve-empty-space grve-height-2x\" style=\"\"><\/div>[\/vc_column][\/vc_row][vc_row columns_gap=&#8220;60&#8243;][vc_column width=&#8220;1\/3&#8243;]<div class=\"grve-element grve-slider grve-layout-1 grve-gallery-popup\"  style=\" \">  <div class=\"grve-carousel-wrapper\"><div class=\"grve-carousel-navigation grve-dark grve-navigation-1 grve-navigation-default\">\t<div class=\"grve-carousel-buttons\">\t\t<div class=\"grve-carousel-prev\">\t\t\t<i class=\"grve-icon-nav-left-small\"><\/i>\t\t<\/div>\t\t<div class=\"grve-carousel-next\">\t\t\t<i class=\"grve-icon-nav-right-small\"><\/i>\t\t<\/div>\t<\/div><\/div><div class=\"grve-slider-element owl-carousel grve-theme\" data-slider-speed=\"4000\" data-slider-pause=\"yes\" data-slider-autoplay=\"yes\" data-slider-loop=\"yes\" data-slider-transition=\"slide\" data-slider-autoheight=\"no\" data-pagination=\"no\"><div class=\"grve-slider-item grve-hover-item grve-hover-style-none\">  <figure class=\"grve-image-hover grve-zoom-none\">    <a class=\"grve-item-url\" href=\"https:\/\/planimolde.pt\/wp-content\/uploads\/2020\/05\/Declaracao-de-Conformidade-Assinada.jpg\" ><\/a><div class=\"grve-media\"><img width=\"1357\" height=\"1920\" src=\"https:\/\/planimolde.pt\/wp-content\/uploads\/2020\/05\/Declaracao-de-Conformidade-Assinada-1357x1920.jpg\" class=\"attachment-movedo-grve-fullscreen size-movedo-grve-fullscreen\" alt=\"\" loading=\"lazy\" srcset=\"https:\/\/planimolde.pt\/wp-content\/uploads\/2020\/05\/Declaracao-de-Conformidade-Assinada-1357x1920.jpg 1357w, https:\/\/planimolde.pt\/wp-content\/uploads\/2020\/05\/Declaracao-de-Conformidade-Assinada-212x300.jpg 212w, https:\/\/planimolde.pt\/wp-content\/uploads\/2020\/05\/Declaracao-de-Conformidade-Assinada-724x1024.jpg 724w, https:\/\/planimolde.pt\/wp-content\/uploads\/2020\/05\/Declaracao-de-Conformidade-Assinada-768x1086.jpg 768w, https:\/\/planimolde.pt\/wp-content\/uploads\/2020\/05\/Declaracao-de-Conformidade-Assinada-1086x1536.jpg 1086w, https:\/\/planimolde.pt\/wp-content\/uploads\/2020\/05\/Declaracao-de-Conformidade-Assinada-1448x2048.jpg 1448w, https:\/\/planimolde.pt\/wp-content\/uploads\/2020\/05\/Declaracao-de-Conformidade-Assinada-600x849.jpg 600w, https:\/\/planimolde.pt\/wp-content\/uploads\/2020\/05\/Declaracao-de-Conformidade-Assinada.jpg 1653w\" sizes=\"(max-width: 1357px) 100vw, 1357px\" \/><\/div>  <\/figure><\/div><div class=\"grve-slider-item grve-hover-item grve-hover-style-none\">  <figure class=\"grve-image-hover grve-zoom-none\">    <a class=\"grve-item-url\" href=\"https:\/\/planimolde.pt\/wp-content\/uploads\/2020\/06\/DeclaracaoConformidade_UE_Viseira_VPI.jpg\" ><\/a><div class=\"grve-media\"><img width=\"1000\" height=\"1415\" src=\"https:\/\/planimolde.pt\/wp-content\/uploads\/2020\/06\/DeclaracaoConformidade_UE_Viseira_VPI.jpg\" class=\"attachment-movedo-grve-fullscreen size-movedo-grve-fullscreen\" alt=\"\" loading=\"lazy\" srcset=\"https:\/\/planimolde.pt\/wp-content\/uploads\/2020\/06\/DeclaracaoConformidade_UE_Viseira_VPI.jpg 1000w, https:\/\/planimolde.pt\/wp-content\/uploads\/2020\/06\/DeclaracaoConformidade_UE_Viseira_VPI-212x300.jpg 212w, https:\/\/planimolde.pt\/wp-content\/uploads\/2020\/06\/DeclaracaoConformidade_UE_Viseira_VPI-724x1024.jpg 724w, https:\/\/planimolde.pt\/wp-content\/uploads\/2020\/06\/DeclaracaoConformidade_UE_Viseira_VPI-768x1087.jpg 768w, https:\/\/planimolde.pt\/wp-content\/uploads\/2020\/06\/DeclaracaoConformidade_UE_Viseira_VPI-600x849.jpg 600w\" sizes=\"(max-width: 1000px) 100vw, 1000px\" \/><\/div>  <\/figure><\/div><div class=\"grve-slider-item grve-hover-item grve-hover-style-none\">  <figure class=\"grve-image-hover grve-zoom-none\">    <a class=\"grve-item-url\" href=\"https:\/\/planimolde.pt\/wp-content\/uploads\/2025\/02\/Certificado-ISO9001_EN_DE_2025.png\" ><\/a><div class=\"grve-media\"><img width=\"1358\" height=\"1920\" src=\"https:\/\/planimolde.pt\/wp-content\/uploads\/2025\/02\/Certificado-ISO9001_EN_DE_2025-1358x1920.png\" class=\"attachment-movedo-grve-fullscreen size-movedo-grve-fullscreen\" alt=\"Certificado ISO9001 EN DE 2025\" loading=\"lazy\" srcset=\"https:\/\/planimolde.pt\/wp-content\/uploads\/2025\/02\/Certificado-ISO9001_EN_DE_2025-1358x1920.png 1358w, https:\/\/planimolde.pt\/wp-content\/uploads\/2025\/02\/Certificado-ISO9001_EN_DE_2025-212x300.png 212w, https:\/\/planimolde.pt\/wp-content\/uploads\/2025\/02\/Certificado-ISO9001_EN_DE_2025-724x1024.png 724w, https:\/\/planimolde.pt\/wp-content\/uploads\/2025\/02\/Certificado-ISO9001_EN_DE_2025-768x1086.png 768w, https:\/\/planimolde.pt\/wp-content\/uploads\/2025\/02\/Certificado-ISO9001_EN_DE_2025-1087x1536.png 1087w, https:\/\/planimolde.pt\/wp-content\/uploads\/2025\/02\/Certificado-ISO9001_EN_DE_2025-1449x2048.png 1449w, https:\/\/planimolde.pt\/wp-content\/uploads\/2025\/02\/Certificado-ISO9001_EN_DE_2025.png 1654w\" sizes=\"(max-width: 1358px) 100vw, 1358px\" \/><\/div>  <\/figure><\/div>\t<\/div>  <\/div><\/div>[\/vc_column][vc_column width=&#8220;2\/3&#8243;][vc_custom_heading text=&#8220;PLANIMOLDE erkennt die QUALIT\u00c4T als eine Philosophie der Firma die aus vier wesentilichen Grunds\u00e4tzen besteht, die sich im Rahmen der Organisation und Betreuung zur strategischen Orientierung anpassen:&#8220; font_container=&#8220;tag:h2|text_align:left|color:%23727272&#8243; google_fonts=&#8220;font_family:Open%20Sans%3A300%2C300italic%2Cregular%2Citalic%2C600%2C600italic%2C700%2C700italic%2C800%2C800italic|font_style:800%20bold%20regular%3A800%3Anormal&#8220;][vc_row_inner css=&#8220;.vc_custom_1590570453346{margin-bottom: 0px !important;}&#8220;][vc_column_inner width=&#8220;1\/2&#8243;]<div class=\"grve-empty-space grve-height-2x\" style=\"\"><\/div>[vc_custom_heading text=&#8220;Einsatz der Innovation&#8220; font_container=&#8220;tag:h2|text_align:left|color:%23b40a26&#8243; google_fonts=&#8220;font_family:Open%20Sans%3A300%2C300italic%2Cregular%2Citalic%2C600%2C600italic%2C700%2C700italic%2C800%2C800italic|font_style:800%20bold%20regular%3A800%3Anormal&#8220;][vc_column_text]Zum Einsatz der Innovation, geh\u00f6rt zu PLANIMOLDE Politik die Entwicklung neuer Gesch\u00e4ftsgebiete, die Erstellung und Entwicklung eigener Produkte zur Produktion und Beschaffung neuer Kunden und Arbeitsm\u00e4rkte. PLANIMOLDE legt als Partner fest F\u00e4higkeiten f\u00fcr verschiedene Projekte und wirtschaftliche Strategien zu erschaffen um dieses Potenzial stets zu f\u00f6rdern und zu verdeutlichen.[\/vc_column_text][\/vc_column_inner][vc_column_inner width=&#8220;1\/2&#8243;]<div class=\"grve-empty-space grve-height-2x\" style=\"\"><\/div>[vc_custom_heading text=&#8220;Verst\u00e4rkung der Qualit\u00e4t und Vielfalt der Produkte und Dienstleistungen&#8220; font_container=&#8220;tag:h2|text_align:left|color:%23b40a26&#8243; google_fonts=&#8220;font_family:Open%20Sans%3A300%2C300italic%2Cregular%2Citalic%2C600%2C600italic%2C700%2C700italic%2C800%2C800italic|font_style:800%20bold%20regular%3A800%3Anormal&#8220;][vc_column_text]Durch die Perspektive der fortsetzenden Besserung der Zufriedenheit der Kunden und weiteren betroffenen, beabsichtigt es PLANIMOLDE das bereitgestellte Produktspektrum und die Dienstleistungen durch eine dauerhafte Zunahme des Qualit\u00e4tsniveus zu verst\u00e4rken.[\/vc_column_text][\/vc_column_inner][\/vc_row_inner][vc_row_inner][vc_column_inner width=&#8220;1\/2&#8243;]<div class=\"grve-empty-space grve-height-2x\" style=\"\"><\/div>[vc_custom_heading text=&#8220;Fortsetzende Besserung des Verwaltungssystems&#8220; font_container=&#8220;tag:h2|text_align:left|color:%23b40a26&#8243; google_fonts=&#8220;font_family:Open%20Sans%3A300%2C300italic%2Cregular%2Citalic%2C600%2C600italic%2C700%2C700italic%2C800%2C800italic|font_style:800%20bold%20regular%3A800%3Anormal&#8220;][vc_column_text]PLANIMOLDE verpflichtet sich den Ablauf des Verwaltungssystems, anhand der Norm NP EN ISO 9001, zu verbessern und zu verfolgen, um die Einhaltung der Qualit\u00e4tsziele ansichts einer fortsetzenden Besserung zu gew\u00e4hrleisten.<\/p>\n<p>Die Verwaltung von PLANIMOLDE genehmigt und unterst\u00fctzt diese Qualit\u00e4tspolitik und verpflichtet sich hiermit die Bedingungen der Norm ISO 9001:2015 der Kunden und weiteren betroffenen ebenso wie gesetzliche oder ordnungsm\u00e4\u00dfige Vorgaben einzuhalten.[\/vc_column_text][\/vc_column_inner][vc_column_inner width=&#8220;1\/2&#8243;]<div class=\"grve-empty-space grve-height-2x\" style=\"\"><\/div>[vc_custom_heading text=&#8220;Inc&#8220; font_container=&#8220;tag:h2|text_align:left|color:%23b40a26&#8243; google_fonts=&#8220;font_family:Open%20Sans%3A300%2C300italic%2Cregular%2Citalic%2C600%2C600italic%2C700%2C700italic%2C800%2C800italic|font_style:800%20bold%20regular%3A800%3Anormal&#8220;][vc_column_text]Das Image, das auf dem Markt im Allgemeinen und besonders f\u00fcr unsere Kunden geschaffen wurde, bringt erh\u00f6hte Verpflichtungen f\u00fcr PLANIMOLDE mit sich wie: die st\u00e4ndige Verbesserung der Produktivit\u00e4t des Unternehmens; die Standardisierung von Teilen und Prozessen; die Qualit\u00e4t der Methoden und der erworbenen Ausr\u00fcstung, sowohl f\u00fcr die Produktion als auch f\u00fcr die Qualit\u00e4tskontrolle, unterst\u00fctzt durch eine effektive Planung und mit hoch motivierten und kompetenten Mitarbeitern.Die kontinuierliche Verbesserung der Produktivit\u00e4t ist die Garantie f\u00fcr die Zufriedenheit und Loyalit\u00e4t unserer Kunden.[\/vc_column_text][\/vc_column_inner][\/vc_row_inner][\/vc_column][\/vc_row][vc_row][vc_column]<div class=\"grve-empty-space grve-height-4x\" style=\"\"><\/div>[\/vc_column][\/vc_row]<\/p>","protected":false},"excerpt":{"rendered":"<p>Lorem ipsum dolor sit amet, fierent invidunt eleifend an sea, sea at nonumes deserunt, cum in dictas maiorum consequat. Legere delicata sea eu, vix ei blandit forensibus. Ne qui posse munere molestiae, no has stet dolorum.<\/p>\n","protected":false},"author":1,"featured_media":0,"parent":0,"menu_order":0,"comment_status":"closed","ping_status":"closed","template":"","meta":[],"_links":{"self":[{"href":"https:\/\/planimolde.pt\/de\/wp-json\/wp\/v2\/pages\/17655"}],"collection":[{"href":"https:\/\/planimolde.pt\/de\/wp-json\/wp\/v2\/pages"}],"about":[{"href":"https:\/\/planimolde.pt\/de\/wp-json\/wp\/v2\/types\/page"}],"author":[{"embeddable":true,"href":"https:\/\/planimolde.pt\/de\/wp-json\/wp\/v2\/users\/1"}],"replies":[{"embeddable":true,"href":"https:\/\/planimolde.pt\/de\/wp-json\/wp\/v2\/comments?post=17655"}],"version-history":[{"count":95,"href":"https:\/\/planimolde.pt\/de\/wp-json\/wp\/v2\/pages\/17655\/revisions"}],"predecessor-version":[{"id":19084,"href":"https:\/\/planimolde.pt\/de\/wp-json\/wp\/v2\/pages\/17655\/revisions\/19084"}],"wp:attachment":[{"href":"https:\/\/planimolde.pt\/de\/wp-json\/wp\/v2\/media?parent=17655"}],"curies":[{"name":"wp","href":"https:\/\/api.w.org\/{rel}","templated":true}]}}