{"id":16626,"date":"2020-05-12T13:41:47","date_gmt":"2020-05-12T13:41:47","guid":{"rendered":"http:\/\/planimolde.younik.pt\/?page_id=16626"},"modified":"2020-10-29T11:36:26","modified_gmt":"2020-10-29T11:36:26","slug":"mucell-injection","status":"publish","type":"page","link":"https:\/\/planimolde.pt\/de\/mucell-injection\/","title":{"rendered":"MuCell Spritzguss"},"content":{"rendered":"<p>[vc_row section_full_height=&#8220;fullheight&#8220; bg_type=&#8220;image&#8220; bg_image=&#8220;16334&#8243; bg_image_size=&#8220;responsive&#8220; padding_top_multiplier=&#8220;3x&#8220; padding_bottom_multiplier=&#8220;3x&#8220; columns_gap=&#8220;60&#8243; equal_column_height=&#8220;middle-content&#8220; el_class=&#8220;fullscreen_with_reveal_slider&#8220;][vc_column vertical_content_position=&#8220;middle&#8220; css=&#8220;.vc_custom_1588924659911{margin-top: 0px !important;margin-bottom: 0px !important;padding-top: 0px !important;padding-bottom: 0px !important;}&#8220;][vc_row_inner el_class=&#8220;vertical-center&#8220;][vc_column_inner width=&#8220;1\/4&#8243;][vc_column_text]<\/p>\n<p style=\"color: #aaaaaa;\">Werkzeuge die mit MuCell eingespritzt werden haben vom Werkzeugkonzept bis zum Spritzprozess bestimmte Eigenschaften.<\/p>\n<p>[\/vc_column_text][\/vc_column_inner][vc_column_inner width=&#8220;1\/2&#8243;]\r\n\t\t<div\r\n\t\t\tclass=\"twentytwenty-container wb_vc_baic_container\"\r\n\t\t\tid=\"wb_before_after_4_1776021791\"\r\n\t\t\tdata-before-text = \"Before\"\r\n\t\t\tdata-after-text = \"After\"\r\n\t\t>\r\n\t\t\t<img width=\"768\" height=\"568\" src=\"https:\/\/planimolde.pt\/wp-content\/uploads\/2020\/10\/Injeccao-Mucell-min-768x568.png\" class=\"attachment-medium_large size-medium_large\" alt=\"\" loading=\"lazy\" srcset=\"https:\/\/planimolde.pt\/wp-content\/uploads\/2020\/10\/Injeccao-Mucell-min-768x568.png 768w, https:\/\/planimolde.pt\/wp-content\/uploads\/2020\/10\/Injeccao-Mucell-min-300x222.png 300w, https:\/\/planimolde.pt\/wp-content\/uploads\/2020\/10\/Injeccao-Mucell-min.png 1000w\" sizes=\"(max-width: 768px) 100vw, 768px\" \/>\t\t\t<img width=\"768\" height=\"568\" src=\"https:\/\/planimolde.pt\/wp-content\/uploads\/2020\/10\/Injeccao-Mucell-produto-min-768x568.png\" class=\"attachment-medium_large size-medium_large\" alt=\"\" loading=\"lazy\" srcset=\"https:\/\/planimolde.pt\/wp-content\/uploads\/2020\/10\/Injeccao-Mucell-produto-min-768x568.png 768w, https:\/\/planimolde.pt\/wp-content\/uploads\/2020\/10\/Injeccao-Mucell-produto-min-300x222.png 300w, https:\/\/planimolde.pt\/wp-content\/uploads\/2020\/10\/Injeccao-Mucell-produto-min.png 1000w\" sizes=\"(max-width: 768px) 100vw, 768px\" \/>\t\t<\/div>\r\n<!--  -->\r\n[\/vc_column_inner][vc_column_inner width=&#8220;1\/4&#8243;][vc_column_text]<\/p>\n<p style=\"color: #aaaaaa;\">Unsere MuCell Werkzeuge ber\u00fccksichtigen von Anfang an das besondere Verhalten von diesem Mikroschaum Material indem mehrere F\u00fcllstudien (Moldflow-Analyse) ausgef\u00fchrt werden und die Biegung des Teiles bereits im Werkzeugdesign vorgesehen ist.<\/p>\n<p>[\/vc_column_text][\/vc_column_inner][\/vc_row_inner]<div class=\"grve-empty-space grve-height-1x\" style=\"\"><\/div>[vc_widget_sidebar sidebar_id=&#8220;movedo_grve_sidebar_5ebaa72da96d3&#8243; el_class=&#8220;submenu_tecnologias&#8220;]<div class=\"grve-empty-space grve-height-2x\" style=\"\"><\/div>[\/vc_column][\/vc_row]<\/p>","protected":false},"excerpt":{"rendered":"<p>Eum an docendi expetendis. Nam iudico tollit periculis eu. No quo detraxit ocurreret, prima neglegentur ut pro. Ut cum nobis ornatus.<\/p>\n","protected":false},"author":1,"featured_media":0,"parent":0,"menu_order":0,"comment_status":"closed","ping_status":"closed","template":"","meta":[],"_links":{"self":[{"href":"https:\/\/planimolde.pt\/de\/wp-json\/wp\/v2\/pages\/16626"}],"collection":[{"href":"https:\/\/planimolde.pt\/de\/wp-json\/wp\/v2\/pages"}],"about":[{"href":"https:\/\/planimolde.pt\/de\/wp-json\/wp\/v2\/types\/page"}],"author":[{"embeddable":true,"href":"https:\/\/planimolde.pt\/de\/wp-json\/wp\/v2\/users\/1"}],"replies":[{"embeddable":true,"href":"https:\/\/planimolde.pt\/de\/wp-json\/wp\/v2\/comments?post=16626"}],"version-history":[{"count":20,"href":"https:\/\/planimolde.pt\/de\/wp-json\/wp\/v2\/pages\/16626\/revisions"}],"predecessor-version":[{"id":18574,"href":"https:\/\/planimolde.pt\/de\/wp-json\/wp\/v2\/pages\/16626\/revisions\/18574"}],"wp:attachment":[{"href":"https:\/\/planimolde.pt\/de\/wp-json\/wp\/v2\/media?parent=16626"}],"curies":[{"name":"wp","href":"https:\/\/api.w.org\/{rel}","templated":true}]}}