{"id":16314,"date":"2020-05-07T14:34:11","date_gmt":"2020-05-07T14:34:11","guid":{"rendered":"http:\/\/planimolde.younik.pt\/?page_id=16314"},"modified":"2020-11-16T10:28:07","modified_gmt":"2020-11-16T10:28:07","slug":"multi-cavity-tools","status":"publish","type":"page","link":"https:\/\/planimolde.pt\/de\/multi-cavity-tools\/","title":{"rendered":"Multikavit\u00e4ten Werkzeuge"},"content":{"rendered":"<p>[vc_row section_full_height=&#8220;fullheight&#8220; bg_type=&#8220;image&#8220; bg_image=&#8220;16334&#8243; bg_image_size=&#8220;responsive&#8220; padding_top_multiplier=&#8220;3x&#8220; padding_bottom_multiplier=&#8220;3x&#8220; columns_gap=&#8220;60&#8243; equal_column_height=&#8220;middle-content&#8220; el_class=&#8220;fullscreen_with_reveal_slider&#8220;][vc_column vertical_content_position=&#8220;middle&#8220; css=&#8220;.vc_custom_1588924659911{margin-top: 0px !important;margin-bottom: 0px !important;padding-top: 0px !important;padding-bottom: 0px !important;}&#8220;][vc_row_inner el_class=&#8220;vertical-center&#8220;][vc_column_inner width=&#8220;1\/4&#8243;][vc_column_text]<\/p>\n<p style=\"color: #aaaaaa;\">Sprtizgie\u00dfwerkzeuge in mehrfach f\u00fcr eine vorteilhafte Produktion: hunderte von Teilen werden in Sekunden produziert. Besonders angebracht f\u00fcr Produktionen von gr\u00f6\u00dferer Menge.<\/p>\n<p>[\/vc_column_text][\/vc_column_inner][vc_column_inner width=&#8220;1\/2&#8243;]\r\n\t\t<div\r\n\t\t\tclass=\"twentytwenty-container wb_vc_baic_container\"\r\n\t\t\tid=\"wb_before_after_4_1776186788\"\r\n\t\t\tdata-before-text = \"Before\"\r\n\t\t\tdata-after-text = \"After\"\r\n\t\t>\r\n\t\t\t<img width=\"768\" height=\"568\" src=\"https:\/\/planimolde.pt\/wp-content\/uploads\/2020\/07\/YK_Multicavities_MOLDE-min-768x568.png\" class=\"attachment-medium_large size-medium_large\" alt=\"\" loading=\"lazy\" srcset=\"https:\/\/planimolde.pt\/wp-content\/uploads\/2020\/07\/YK_Multicavities_MOLDE-min-768x568.png 768w, https:\/\/planimolde.pt\/wp-content\/uploads\/2020\/07\/YK_Multicavities_MOLDE-min-300x222.png 300w, https:\/\/planimolde.pt\/wp-content\/uploads\/2020\/07\/YK_Multicavities_MOLDE-min.png 1000w\" sizes=\"(max-width: 768px) 100vw, 768px\" \/>\t\t\t<img width=\"768\" height=\"568\" src=\"https:\/\/planimolde.pt\/wp-content\/uploads\/2020\/07\/YK_Multicavities_PECA-minn-768x568.png\" class=\"attachment-medium_large size-medium_large\" alt=\"\" loading=\"lazy\" srcset=\"https:\/\/planimolde.pt\/wp-content\/uploads\/2020\/07\/YK_Multicavities_PECA-minn-768x568.png 768w, https:\/\/planimolde.pt\/wp-content\/uploads\/2020\/07\/YK_Multicavities_PECA-minn-300x222.png 300w, https:\/\/planimolde.pt\/wp-content\/uploads\/2020\/07\/YK_Multicavities_PECA-minn.png 1000w\" sizes=\"(max-width: 768px) 100vw, 768px\" \/>\t\t<\/div>\r\n<!--  -->\r\n[\/vc_column_inner][vc_column_inner width=&#8220;1\/4&#8243;][vc_column_text]<\/p>\n<p style=\"color: #aaaaaa;\">Planimolde hat bereits Multikavit\u00e4ten Werkzeuge f\u00fcr verschiedene Branchen sowie Haushalt, Medizin, Elektrik, Packaging unter anderen hergestellt. Eine der angewendeten Technologien bei diesen Werkzeugen ist z.B. die automatische Entschraubung mit hydraulischem Antrieb oder Servo-Motoren was zu einer Interaktion zwischen Spritgussmaschine und Werkzeug f\u00fchrt.<br \/>\nUnser Portfolio enth\u00e4lt ebenfalls Multikavit\u00e4ten Werkzeuge in 2K mit drehbarer Indexplatte die eine optimierte Zykluszeit erm\u00f6glichen.<\/p>\n<p>[\/vc_column_text][\/vc_column_inner][\/vc_row_inner]<div class=\"grve-empty-space grve-height-1x\" style=\"\"><\/div>[vc_widget_sidebar sidebar_id=&#8220;movedo_grve_sidebar_5ebaa72da96d3&#8243; el_class=&#8220;submenu_tecnologias&#8220;]<div class=\"grve-empty-space grve-height-2x\" style=\"\"><\/div>[\/vc_column][\/vc_row]<\/p>","protected":false},"excerpt":{"rendered":"<p>Eum an docendi expetendis. Nam iudico tollit periculis eu. No quo detraxit ocurreret, prima neglegentur ut pro. Ut cum nobis ornatus.<\/p>\n","protected":false},"author":1,"featured_media":0,"parent":0,"menu_order":0,"comment_status":"closed","ping_status":"closed","template":"","meta":[],"_links":{"self":[{"href":"https:\/\/planimolde.pt\/de\/wp-json\/wp\/v2\/pages\/16314"}],"collection":[{"href":"https:\/\/planimolde.pt\/de\/wp-json\/wp\/v2\/pages"}],"about":[{"href":"https:\/\/planimolde.pt\/de\/wp-json\/wp\/v2\/types\/page"}],"author":[{"embeddable":true,"href":"https:\/\/planimolde.pt\/de\/wp-json\/wp\/v2\/users\/1"}],"replies":[{"embeddable":true,"href":"https:\/\/planimolde.pt\/de\/wp-json\/wp\/v2\/comments?post=16314"}],"version-history":[{"count":91,"href":"https:\/\/planimolde.pt\/de\/wp-json\/wp\/v2\/pages\/16314\/revisions"}],"predecessor-version":[{"id":18690,"href":"https:\/\/planimolde.pt\/de\/wp-json\/wp\/v2\/pages\/16314\/revisions\/18690"}],"wp:attachment":[{"href":"https:\/\/planimolde.pt\/de\/wp-json\/wp\/v2\/media?parent=16314"}],"curies":[{"name":"wp","href":"https:\/\/api.w.org\/{rel}","templated":true}]}}